{"id":951,"date":"2018-08-29T15:08:21","date_gmt":"2018-08-29T18:08:21","guid":{"rendered":"https:\/\/cmmoron-bue.infd.edu.ar\/sitio\/ensamble-vortice\/"},"modified":"2019-06-22T09:46:38","modified_gmt":"2019-06-22T12:46:38","slug":"ensamble-vortice","status":"publish","type":"page","link":"https:\/\/cmmoron-bue.infd.edu.ar\/sitio\/ensamble-vortice\/","title":{"rendered":"Ensamble Contempor\u00e1neo"},"content":{"rendered":"<div class=\"gmail_default Texto_arial\">\n<div><span style=\"font-family: verdana, geneva; font-size: 10pt;\">El ensamble de m\u00fasica contempor\u00e1nea VORTICE del Conservatorio. Ginastera, creado por el maestro Fernando Maglia y actuamente bajo la direcci\u00f3n de Gonzalo Ariel Juan,\u00a0 surgi\u00f3 como respuesta a la necesidad creciente de capacitar y entrenar m\u00fasicos para la pr\u00e1ctica activa de la m\u00fasica de nuestro tiempo.<\/span><\/div>\n<div><span style=\"font-family: verdana, geneva; font-size: 10pt;\">Sus objetivos son el estudio y la difusi\u00f3n de\u00a0 obras ( instrumentales, electroac\u00fasticas y mixtas)\u00a0 generadas en el \u00e1mbito del conservatorio , de compositores Argentinos y Latinoamericanos y obras del repertorio contempor\u00e1neo Universal (en ese orden), mediante la presentaci\u00f3n art\u00edstica en audiciones y conciertos a realizarse en diversos \u00e1mbitos, instituciones\u00a0 y salas de concierto.<\/span><\/div>\n<div><span style=\"font-family: verdana, geneva; font-size: 10pt;\">Para este proyecto se convoca a instrumentistas del Profesorado, ex-alumnos\u00a0 y egresados del Conservatorio<\/span><\/div>\n<div class=\"gmail_default\"><\/div>\n<div class=\"gmail_default\"><span style=\"font-family: verdana, sans-serif;\">\u00a0<\/span><\/div>\n<div class=\"gmail_default\"><span style=\"font-family: verdana, sans-serif;\"><img decoding=\"async\" loading=\"lazy\" style=\"border: 0;\" title=\"Vortice\" src=\"https:\/\/cmmoron-bue.infd.edu.ar\/sitio\/wp-content\/uploads\/2018\/08\/vortice_flyer.jpg\" alt=\"Vortice\" width=\"500\" height=\"500\" border=\"0\" \/><\/span><\/div>\n<\/div>\n","protected":false},"excerpt":{"rendered":"<p>El ensamble de m\u00fasica contempor\u00e1nea VORTICE del Conservatorio. Ginastera, creado por el maestro Fernando Maglia y actuamente bajo la direcci\u00f3n de Gonzalo Ariel Juan,\u00a0 surgi\u00f3 como respuesta a la necesidad creciente de capacitar y entrenar m\u00fasicos para la pr\u00e1ctica activa de la m\u00fasica de nuestro tiempo. Sus objetivos son el estudio y la difusi\u00f3n de\u00a0 &#8230; <a title=\"Ensamble Contempor\u00e1neo\" class=\"read-more\" href=\"https:\/\/cmmoron-bue.infd.edu.ar\/sitio\/ensamble-vortice\/\" aria-label=\"More on Ensamble Contempor\u00e1neo\">[+]<\/a><\/p>\n","protected":false},"author":582,"featured_media":0,"parent":0,"menu_order":0,"comment_status":"closed","ping_status":"closed","template":"","meta":[],"acf":[],"_links":{"self":[{"href":"https:\/\/cmmoron-bue.infd.edu.ar\/sitio\/wp-json\/wp\/v2\/pages\/951"}],"collection":[{"href":"https:\/\/cmmoron-bue.infd.edu.ar\/sitio\/wp-json\/wp\/v2\/pages"}],"about":[{"href":"https:\/\/cmmoron-bue.infd.edu.ar\/sitio\/wp-json\/wp\/v2\/types\/page"}],"author":[{"embeddable":true,"href":"https:\/\/cmmoron-bue.infd.edu.ar\/sitio\/wp-json\/wp\/v2\/users\/582"}],"replies":[{"embeddable":true,"href":"https:\/\/cmmoron-bue.infd.edu.ar\/sitio\/wp-json\/wp\/v2\/comments?post=951"}],"version-history":[{"count":2,"href":"https:\/\/cmmoron-bue.infd.edu.ar\/sitio\/wp-json\/wp\/v2\/pages\/951\/revisions"}],"predecessor-version":[{"id":1083,"href":"https:\/\/cmmoron-bue.infd.edu.ar\/sitio\/wp-json\/wp\/v2\/pages\/951\/revisions\/1083"}],"wp:attachment":[{"href":"https:\/\/cmmoron-bue.infd.edu.ar\/sitio\/wp-json\/wp\/v2\/media?parent=951"}],"curies":[{"name":"wp","href":"https:\/\/api.w.org\/{rel}","templated":true}]}}