{"id":940,"date":"2018-08-29T15:08:17","date_gmt":"2018-08-29T18:08:17","guid":{"rendered":"https:\/\/cmmoron-bue.infd.edu.ar\/sitio\/guia-del-ingresante\/"},"modified":"2025-11-01T09:29:41","modified_gmt":"2025-11-01T12:29:41","slug":"guia-del-ingresante","status":"publish","type":"page","link":"https:\/\/cmmoron-bue.infd.edu.ar\/sitio\/guia-del-ingresante\/","title":{"rendered":"Gu\u00eda del ingresante"},"content":{"rendered":"<p>1. <span style=\"color: #008080;\">El <strong>Conservatorio Ginastera<\/strong> <\/span>es una instituci\u00f3n de oficial de gesti\u00f3n p\u00fablica dependiente de la Direcci\u00f3n de Educaci\u00f3n Art\u00edstica de la Provincia de Buenos Aires, que emite t\u00edtulos oficiales con validez nacional.\u00a0<span lang=\"ES\">No se cobra cuota ni matr\u00edcula alguna.\u00a0<\/span><span lang=\"ES\">S\u00ed <strong><span style=\"color: #008080;\"><a title=\"Asociaci\u00f3n Cooperadora\" href=\"index.cgi?wid_item=22&amp;wid_seccion=1\" target=\"_blank\" rel=\"noopener\">Cooperadora<\/a><\/span><\/strong>, ya que del aporte de TODOS depende la compra de<\/span><span lang=\"ES\">\u00a0instrumentos y su mantenimiento, la adquisici\u00f3n de material para la mediateca, y el mantenimiento de nuestro edificio <\/span><span lang=\"ES\">para que todos podamos hacer uso de los elementos en condiciones \u00f3ptimas.<\/span>2 <span style=\"color: #008080;\"><strong>Nuestra\u00a0orientaci\u00f3n musical<\/strong><\/span>\u00a0Si bien hay materias y organismos con orientaci\u00f3n hacia la m\u00fasica popular las carreras tienen un perfil orientado hacia la m\u00fasica cl\u00e1sica o acad\u00e9mica. En los documentales de arriba,\u00a0pod\u00e9s ver qu\u00e9 se entiende hoy por m\u00fasica cl\u00e1sica o acad\u00e9mica y tambi\u00e9n qu\u00e9 es aprender y ense\u00f1ar m\u00fasica.3. <span style=\"color: #008080;\"><strong>Carreras y Planes de estudios.<\/strong><\/span>\u00a0Pod\u00e9s consultarlos <a title=\"Planes de estudios\" href=\"index.cgi?wid_item=23&amp;wid_seccion=28\" target=\"_blank\" rel=\"noopener\">aqu\u00ed<\/a>.\u00a0\u00a0Tanto las carreras de grado como la Formaci\u00f3n B\u00e1sica se dictan en la Sede en los 3 turnos (San Mart\u00edn 370 Mor\u00f3n,\u00a0<a href=\"http:\/\/maps.google.com.ar\/maps?q=Rio+Piedras+290,+Mor%C3%B3n&amp;um=1&amp;ie=UTF-8&amp;hq=&amp;hnear=0x95bcc765206fe719:0x1e0e0f2ab7783944,R%C3%ADo+Piedras+290,+Mor%C3%B3n,+Buenos+Aires&amp;gl=ar&amp;ei=vn5FTrqtBYG3tgfn8PntBQ&amp;sa=X&amp;oi=geocode_result&amp;ct=image&amp;resnum=1&amp;ved=0CBwQ8gEwAA\" target=\"_blank\" rel=\"noopener\">ver mapa<\/a>) y en los dos Anexos: en los tres turnos en Garc\u00eda Silva 675 y solo en el turno vespertino en Rep. Oriental del Uruguay 451, Mor\u00f3n.4. <span style=\"color: #008080;\"><strong>Instrumentos.<\/strong><\/span>\u00a0Encontralos en la imagen de abajo. No se dictan talleres extracurriculares ni clases de bater\u00eda, guitarra el\u00e9ctrica, bajo el\u00e9ctrico o teclados. Tampoco canto popular, pues la orientaci\u00f3n es l\u00edrica.<br \/>\n<img decoding=\"async\" loading=\"lazy\" style=\"display: block; margin-left: auto; margin-right: auto; border: 0px initial initial;\" src=\"https:\/\/lh6.googleusercontent.com\/_rnXOWMkAJMc\/TZyNY1z6orI\/AAAAAAAAA9k\/MSQ3hRgMjIo\/conser%20instrumentos%2070%20editado.jpg\" width=\"490\" height=\"115\" border=\"0\" \/>\u00a05. <strong><span style=\"color: #008080;\">Ingreso<\/span><\/strong> Para entrar a la Formaci\u00f3n B\u00e1sica cada a\u00f1o se especifican las fechas y condiciones de ingreso y se publican en esta p\u00e1gina y carteleras del Conservatorio. Se realizan charlas informativas, un curso de orientaci\u00f3n y sorteo final\u00a0dado que son muchos los que se postulan para el ingreso y la capacidad edilicia no puede albergar a tantos estudiantes.\u00a0La inscripci\u00f3n se realiza por Internet \u00daNICAMENTE.6.\u00a0<span style=\"color: #008080;\"><strong>Requisitos para ingresar<\/strong><\/span>.\u00a0<span lang=\"ES\">Para ingresar al Foba Ni\u00f1os, deb\u00e9s tener 9 a\u00f1os cumplidos al 30 de junio del a\u00f1o en que vas a empezar a cursar. En el caso del Plan de J\u00f3venes y Adultos, tener 14 a\u00f1os cumplidos al 30 de junio del a\u00f1o en que vas a empezar a cursar y segundo a\u00f1o de la escuela secundaria aprobado. Otros requisitos referentes a la documentaci\u00f3n a presentar <\/span><span lang=\"ES\">se publican a partir del 15 de noviembre de cada a\u00f1o. Deber\u00e1 presentarse una ver obtenida la vacante<\/span><span lang=\"ES\">\u00a0y en la fecha que se indique: DNI original y fotocopia de p\u00e1ginas 1, 2 y\u00a0 \u00faltimo cambio de domicilio, certificado de aptitud psicof\u00edsica, constancia de la escuela donde se indique a\u00f1o que finaliz\u00f3 o t\u00edtulo secundario en caso de haber terminado el ciclo, planilla de salud (plan ni\u00f1os) 2 fotos carnet 4 x 4. En el caso de los aspirantes a canto, deber\u00e1n traer adem\u00e1s certificado de aptitud fonoaudiol\u00f3gica expedida por hospital p\u00fablico \u00fanicamente (no se aceptan certificados de m\u00e9dicos particulares). Quienes no cumplan con los requisitos perder\u00e1n autom\u00e1ticamente la vacante.\u00a0<\/span>7.<span style=\"color: #008080;\"><strong>\u00a0Pases de otras instituciones<\/strong><\/span>. Si la instituci\u00f3n pertenece a la Direcci\u00f3n de Educaci\u00f3n Art\u00edstica de la Provincia de Buenos Aires s\u00f3lo requiere la presentaci\u00f3n del anal\u00edtico. No requiere tr\u00e1mite de equivalencia. Si la Instituci\u00f3n pertenece a la Direcci\u00f3n de Educaci\u00f3n Superior de la Provincia de Buenos Aires, tampoco requiere tr\u00e0mite de equivalencias para el caso de las materias pedag\u00f3gicas. Para cualquier otro caso consultar en esta p\u00e1gina web\u00a0o enviar un mail a <a href=\"mailto:conservatoriomoron@abc.gob.ar\">conservatoriomoron@abc.gob.ar<\/a><span lang=\"ES\">\u00a0<\/span><span lang=\"ES\">indicando en el asunto EQUIVALENCIAS<\/span><span lang=\"ES\">.<\/span><a name=\"Libres\"><\/a>8. <span style=\"color: #008080;\"><strong>Materias libres<\/strong><\/span> Se pueden rendir en calidad de libre solamente las de la Formaci\u00f3n B\u00e1sica en los turnos de diciembre, agosto y marzo.<span style=\"color: #008080;\">9<strong style=\"color: #008080;\">.\u00a0<a title=\"Cooperadora. Balance 2010\" href=\"https:\/\/spreadsheets.google.com\/pub?key=0AsmM7zVskxy-dE5PT0RXUVRza2h3VEJRU01jUTRLX3c\" target=\"_blank\" rel=\"noopener\">Mediateca\u00a0<\/a><\/strong><\/span>Funciona todo el a\u00f1o en los tres turnos,\u00a0con excepci\u00f3n del per\u00edodo de receso escolar (1\/01 al 15\/02).10. <strong><span style=\"color: #008080;\">Actividades abiertas a la comunidad<\/span><\/strong>.\u00a0CORO ALBERTO GINASTERA &#8211; CORO DE NI\u00d1OS -CORO DE J\u00d3VENES &#8211; ORQUESTA DE TANGO &#8211; ENSAMBLE DE JAZZ &#8211; CONJUNTO DE FOLKLORE.<\/p>\n<table border=\"0\">\n<tbody>\n<tr>\n<td class=\"Texto_arial\"><img decoding=\"async\" loading=\"lazy\" src=\"http:\/\/t3.gstatic.com\/images?q=tbn:ANd9GcQuB_8FkbNpE8VTS6eFx3zdtfqCnM5fu6gFNXy_qlVe0BY-ON85\" width=\"184\" height=\"109\" border=\"0\" \/><\/td>\n<td class=\"Texto_arial\">Video: \u00bfQu\u00e9 es\u00a0la <span style=\"color: #ff6600;\"><strong><span style=\"font-size: 12pt;\">ense\u00f1anza art\u00edstica\u00a0<\/span><\/strong><\/span><span style=\"font-size: 24px;\"><a title=\"Ver video\" href=\"http:\/\/descargas.encuentro.gov.ar\/emision.php?emision_id=1090\" target=\"_blank\" rel=\"noopener\">hoy?<\/a><\/span><\/p>\n<p>Video: \u00bfQu\u00e9 es\u00a0la\u00a0<span style=\"font-size: 12pt; color: #ffcc00;\"><strong>m\u00fasica cl\u00e1sica\u00a0<\/strong><\/span><span style=\"font-size: 18pt;\"><a title=\"Ver video\" href=\"http:\/\/descargas.encuentro.gov.ar\/emision.php?emision_id=1086\" target=\"_blank\" rel=\"noopener\">hoy?<\/a><\/span><\/p>\n<p><span style=\"font-size: 24px;\">\u00a0<\/span><\/td>\n<td class=\"Texto_arial\"><\/td>\n<\/tr>\n<\/tbody>\n<\/table>\n","protected":false},"excerpt":{"rendered":"<p>1. El Conservatorio Ginastera es una instituci\u00f3n de oficial de gesti\u00f3n p\u00fablica dependiente de la Direcci\u00f3n de Educaci\u00f3n Art\u00edstica de la Provincia de Buenos Aires, que emite t\u00edtulos oficiales con validez nacional.\u00a0No se cobra cuota ni matr\u00edcula alguna.\u00a0S\u00ed Cooperadora, ya que del aporte de TODOS depende la compra de\u00a0instrumentos y su mantenimiento, la adquisici\u00f3n de &#8230; <a title=\"Gu\u00eda del ingresante\" class=\"read-more\" href=\"https:\/\/cmmoron-bue.infd.edu.ar\/sitio\/guia-del-ingresante\/\" aria-label=\"More on Gu\u00eda del ingresante\">[+]<\/a><\/p>\n","protected":false},"author":582,"featured_media":0,"parent":0,"menu_order":0,"comment_status":"closed","ping_status":"closed","template":"","meta":[],"acf":[],"_links":{"self":[{"href":"https:\/\/cmmoron-bue.infd.edu.ar\/sitio\/wp-json\/wp\/v2\/pages\/940"}],"collection":[{"href":"https:\/\/cmmoron-bue.infd.edu.ar\/sitio\/wp-json\/wp\/v2\/pages"}],"about":[{"href":"https:\/\/cmmoron-bue.infd.edu.ar\/sitio\/wp-json\/wp\/v2\/types\/page"}],"author":[{"embeddable":true,"href":"https:\/\/cmmoron-bue.infd.edu.ar\/sitio\/wp-json\/wp\/v2\/users\/582"}],"replies":[{"embeddable":true,"href":"https:\/\/cmmoron-bue.infd.edu.ar\/sitio\/wp-json\/wp\/v2\/comments?post=940"}],"version-history":[{"count":3,"href":"https:\/\/cmmoron-bue.infd.edu.ar\/sitio\/wp-json\/wp\/v2\/pages\/940\/revisions"}],"predecessor-version":[{"id":3050,"href":"https:\/\/cmmoron-bue.infd.edu.ar\/sitio\/wp-json\/wp\/v2\/pages\/940\/revisions\/3050"}],"wp:attachment":[{"href":"https:\/\/cmmoron-bue.infd.edu.ar\/sitio\/wp-json\/wp\/v2\/media?parent=940"}],"curies":[{"name":"wp","href":"https:\/\/api.w.org\/{rel}","templated":true}]}}