{"id":925,"date":"2018-08-29T15:08:11","date_gmt":"2018-08-29T18:08:11","guid":{"rendered":"https:\/\/cmmoron-bue.infd.edu.ar\/sitio\/orquesta-infanto-juvelil\/"},"modified":"2022-06-14T17:46:51","modified_gmt":"2022-06-14T20:46:51","slug":"orquesta-infanto-juvelil","status":"publish","type":"page","link":"https:\/\/cmmoron-bue.infd.edu.ar\/sitio\/orquesta-infanto-juvelil\/","title":{"rendered":"Pr\u00e1ctica Orquestal"},"content":{"rendered":"\n<div class=\"wp-block-columns is-layout-flex wp-container-3\">\n<div class=\"wp-block-column is-layout-flow\">\n<figure class=\"wp-block-image size-large\"><img decoding=\"async\" loading=\"lazy\" width=\"640\" height=\"360\" src=\"https:\/\/cmmoron-bue.infd.edu.ar\/sitio\/wp-content\/uploads\/2022\/06\/OrquestaJuvenilConservatorioGinastera-edited-1.jpg\" alt=\"\" class=\"wp-image-1489\"\/><\/figure>\n<\/div>\n\n\n\n<div class=\"wp-block-column is-layout-flow\">\n<figure class=\"wp-block-image size-large\"><img decoding=\"async\" loading=\"lazy\" width=\"960\" height=\"538\" src=\"https:\/\/cmmoron-bue.infd.edu.ar\/sitio\/wp-content\/uploads\/2022\/06\/image.jpeg\" alt=\"\" class=\"wp-image-1487\" title=\"orquesta glocer\" srcset=\"https:\/\/cmmoron-bue.infd.edu.ar\/sitio\/wp-content\/uploads\/2022\/06\/image.jpeg 960w, https:\/\/cmmoron-bue.infd.edu.ar\/sitio\/wp-content\/uploads\/2022\/06\/image-768x430.jpeg 768w\" sizes=\"(max-width: 960px) 100vw, 960px\" \/><\/figure>\n<\/div>\n<\/div>\n\n\n\n<div class=\"wp-block-columns is-layout-flex wp-container-5\">\n<div class=\"wp-block-column is-layout-flow\"><\/div>\n<\/div>\n\n\n\n<p><strong>Pr\u00e1ctica Orquestal<\/strong> | Director: Jorge Glocer<\/p>\n\n\n\n<p>Este espacio se form\u00f3 en septiembre de 2015 con el fin de fomentar la pr\u00e1ctica sinf\u00f3nica de todos los estudiantes de la FOBA que est\u00e9n iniciando sus trayectorias musicales. Se trabaja un gran repertorio de compositores nacionales e internacionales, tanto de la m\u00fasica acad\u00e9mica como de la m\u00fasica popular. Los integrantes de la orquesta atraviesan una gran experiencia y formaci\u00f3n que se transforman en una iniciativa \u00fanica para su futuro como int\u00e9rpretes.<br>Los ensayos se llevan a cabo los d\u00edas s\u00e1bados de 8.30 a 10.30 hs.<br><br><strong>Informes<\/strong><\/p>\n\n\n\n<p>&#x2709;&#xfe0f; jefaturaginastera@gmail.com<\/p>\n","protected":false},"excerpt":{"rendered":"<p>Pr\u00e1ctica Orquestal | Director: Jorge Glocer Este espacio se form\u00f3 en septiembre de 2015 con el fin de fomentar la pr\u00e1ctica sinf\u00f3nica de todos los estudiantes de la FOBA que est\u00e9n iniciando sus trayectorias musicales. Se trabaja un gran repertorio de compositores nacionales e internacionales, tanto de la m\u00fasica acad\u00e9mica como de la m\u00fasica popular. &#8230; <a title=\"Pr\u00e1ctica Orquestal\" class=\"read-more\" href=\"https:\/\/cmmoron-bue.infd.edu.ar\/sitio\/orquesta-infanto-juvelil\/\" aria-label=\"More on Pr\u00e1ctica Orquestal\">[+]<\/a><\/p>\n","protected":false},"author":582,"featured_media":0,"parent":0,"menu_order":0,"comment_status":"closed","ping_status":"closed","template":"","meta":[],"acf":[],"_links":{"self":[{"href":"https:\/\/cmmoron-bue.infd.edu.ar\/sitio\/wp-json\/wp\/v2\/pages\/925"}],"collection":[{"href":"https:\/\/cmmoron-bue.infd.edu.ar\/sitio\/wp-json\/wp\/v2\/pages"}],"about":[{"href":"https:\/\/cmmoron-bue.infd.edu.ar\/sitio\/wp-json\/wp\/v2\/types\/page"}],"author":[{"embeddable":true,"href":"https:\/\/cmmoron-bue.infd.edu.ar\/sitio\/wp-json\/wp\/v2\/users\/582"}],"replies":[{"embeddable":true,"href":"https:\/\/cmmoron-bue.infd.edu.ar\/sitio\/wp-json\/wp\/v2\/comments?post=925"}],"version-history":[{"count":3,"href":"https:\/\/cmmoron-bue.infd.edu.ar\/sitio\/wp-json\/wp\/v2\/pages\/925\/revisions"}],"predecessor-version":[{"id":1491,"href":"https:\/\/cmmoron-bue.infd.edu.ar\/sitio\/wp-json\/wp\/v2\/pages\/925\/revisions\/1491"}],"wp:attachment":[{"href":"https:\/\/cmmoron-bue.infd.edu.ar\/sitio\/wp-json\/wp\/v2\/media?parent=925"}],"curies":[{"name":"wp","href":"https:\/\/api.w.org\/{rel}","templated":true}]}}