{"id":919,"date":"2018-08-29T15:08:10","date_gmt":"2018-08-29T18:08:10","guid":{"rendered":"https:\/\/cmmoron-bue.infd.edu.ar\/sitio\/reglamento-de-uso-de-instrumentos-musicales\/"},"modified":"2023-12-19T11:31:13","modified_gmt":"2023-12-19T14:31:13","slug":"reglamento-de-uso-de-instrumentos-musicales","status":"publish","type":"page","link":"https:\/\/cmmoron-bue.infd.edu.ar\/sitio\/reglamento-de-uso-de-instrumentos-musicales\/","title":{"rendered":"Reglamento de uso de Instrumentos Musicales"},"content":{"rendered":"<p>Direcci\u00f3n General de Cultura y Educaci\u00f3n<br \/>\nDirecci\u00f3n de Educaci\u00f3n Art\u00edstica<br \/>\n&nbsp;<\/p>\n<p><strong>CONSERVATORIO DE M\u00daSICA DE MOR\u00d3N \u201cALBERTO GINASTERA \u201c<\/strong><\/p>\n<p>&nbsp;<\/p>\n<p><strong>REGLAMENTO PARA EL USO DE LOS INSTRUMENTOS MUSICALES Y ACCESORIOS DE APOYO T\u00c9CNICO Y PEDAG\u00d3GICO. <\/strong><\/p>\n<p>&nbsp;<\/p>\n<p><strong>FINALIDAD: <\/strong><\/p>\n<p><strong>Art. 1 &#8211;<\/strong> El presente reglamento establece las normas, procedimientos y sanciones para el uso y pr\u00e9stamo de los instrumentos musicales y accesorios de apoyo t\u00e9cnico y pedag\u00f3gico del Conservatorio de M\u00fasica de Mor\u00f3n \u201cAlberto Ginastera\u201d.<\/p>\n<p>&nbsp;<\/p>\n<p><strong>NATURALEZA Y ALCANCE:<\/strong><\/p>\n<p><strong>Art. 2- <\/strong>El uso y pr\u00e9stamo de los instrumentos musicales y accesorios de apoyo t\u00e9cnico pedag\u00f3gico, es un servicio que ofrece el Conservatorio \u201cAlberto Ginastera\u201d para el cumplimiento de sus fines institucionales, en coordinaci\u00f3n con el Equipo de Conducci\u00f3n, la Asociaci\u00f3n Cooperadora, el Consejo Acad\u00e9mico Institucional y los\/as Encargados\/as de Medios de Apoyo T\u00e9cnicos y Pedag\u00f3gicos, y tiene los siguientes prop\u00f3sitos:<\/p>\n<ol>\n<li><strong>a) <\/strong>Brindar al personal docente y al alumnado del Conservatorio las facilidades de uso de los instrumentos musicales y accesorios de apoyo para el desarrollo de las actividades acad\u00e9micas y de proyecci\u00f3n cultural.<\/li>\n<li><strong>b)<\/strong> Determinar los procedimientos e instancias para la autorizaci\u00f3n de las solicitudes para el uso y pr\u00e9stamo de los instrumentos musicales y accesorios de apoyo.<\/li>\n<li><strong>c)<\/strong> Velar por la conservaci\u00f3n, mantenimiento y restauraci\u00f3n de los instrumentos musicales y accesorios de apoyo.<\/li>\n<li><strong>d) <\/strong>Planificar las estrategias necesarias para el acondicionamiento y provisi\u00f3n de los elementos necesarios para optimizar el funcionamiento pedag\u00f3gico de las c\u00e1tedras.<\/li>\n<\/ol>\n<p>&nbsp;<\/p>\n<p><strong>DISPOSICIONES PARA EL USO DE LOS INSTRUMENTOS MUSICALES Y ACCESORIOS DE APOYO:<\/strong><\/p>\n<p><strong>Art. 3- <\/strong>Son accesorios de apoyo t\u00e9cnico y pedag\u00f3gico: grabadores, proyectores, amplificadores, micr\u00f3fonos, televisores, reproductores de DVD, equipos de audio, atriles, banquitos de guitarra, mentoneras, arcos, resinas, cables para equipos de audio, parlantes, zapatillas, alargues, y cualquier otro elemento que se utilice para las pr\u00e1cticas educativas o instrumentales, detallados en el inventario adjunto.<\/p>\n<p>&nbsp;<\/p>\n<p><strong>Art. 4- <\/strong>Las\/os Encargadas\/os de Medios de Apoyo T\u00e9cnico y Pedag\u00f3gico son responsables de:<\/p>\n<ol>\n<li><strong>a) <\/strong>Procurar el control, cuidado, mantenimiento y conservaci\u00f3n de los instrumentos musicales y accesorios de apoyo.<\/li>\n<li><strong>b)<\/strong> Asesorar a docentes y estudiantes acerca de la correcta utilizaci\u00f3n del equipamiento.<\/li>\n<li><strong>c)<\/strong> Gestionar y favorecer, en conjunci\u00f3n con la autoridad correspondiente, la producci\u00f3n de material de apoyo did\u00e1ctico.<\/li>\n<li><strong>d) <\/strong>Organizar el funcionamiento y equipamiento del gabinete a su cargo.<\/li>\n<li><strong>e)<\/strong> Asesorar al Equipo Directivo y a la Asociaci\u00f3n Cooperadora en la adquisici\u00f3n y compra de nuevos instrumentos musicales y accesorios de apoyo t\u00e9cnico y pedag\u00f3gico.<\/li>\n<li><strong>f)<\/strong> Informar al Equipo Directivo y a la Asociaci\u00f3n Cooperadora sobre los elementos que han sido da\u00f1ados y los que necesitan reparaci\u00f3n, como tambi\u00e9n informar sobre el mal uso o faltas cometidas por estudiantes y docentes.<\/li>\n<li><strong>g)<\/strong> Gestionar las solicitudes para el uso externo de los instrumentos musicales y accesorios de apoyo, verificar su disponibilidad de uso en la fecha solicitada y elevarlos a la Direcci\u00f3n de la Instituci\u00f3n y de la Asociaci\u00f3n Cooperadora para su evaluaci\u00f3n y autorizaci\u00f3n. Conforme a su aprobaci\u00f3n entregarlos en uso a quien lo solicite, como as\u00ed tambi\u00e9n recibirlos y verificar el estado del material utilizado.<\/li>\n<li><strong>h)<\/strong> Cumplir y hacer cumplir el reglamento para el uso de instrumentos musicales y accesorios de apoyo t\u00e9cnico- pedag\u00f3gico, y las determinaciones tomadas por el Equipo Directivo y la Asociaci\u00f3n Cooperadora.<\/li>\n<li><strong>i)<\/strong> Gestionar y administrar, en conjunto con el Equipo Directivo, el uso de las aulas de la instituci\u00f3n para el estudio y la pr\u00e1ctica.<\/li>\n<\/ol>\n<p>&nbsp;<\/p>\n<p><strong>Art. 5- <\/strong>Los pedidos para el uso interno de instrumentos musicales, aulas y accesorios de apoyo est\u00e1n sujetos al cumplimiento de los siguientes requisitos:<\/p>\n<ol>\n<li><strong>a)<\/strong> Ser docente o alumno\/a <u>regular<\/u> de la Instituci\u00f3n. En caso de alumnas\/os externos s\u00f3lo podr\u00e1n hacer uso de instrumentos durante la c\u00e1tedra a la que est\u00e1n sujetos.<\/li>\n<li><strong>b) <\/strong>Acreditar identidad con el carnet de socio de la Asociaci\u00f3n Cooperadora, el cual se retendr\u00e1 mientras dure el pr\u00e9stamo. Libreta de estudiante, DNI, y carnet ajeno al estudiante, <u>no ser\u00e1n aceptados bajo ninguna excepci\u00f3n<\/u>.<\/li>\n<li><strong>c) <\/strong>Respetar la clasificaci\u00f3n para el uso de instrumentos musicales, aulas y accesorios de apoyo, de acuerdo al ciclo acad\u00e9mico que se encuentre el\/la estudiante solicitante seg\u00fan detalla el anexo 1 del presente reglamento.<\/li>\n<li><strong>d)<\/strong> Firmar en el cuaderno de control de uso interno para dejar constancia de los elementos solicitados. En dicho cuaderno se consignar\u00e1n los datos del estudiante o docente solicitante, datos de identificaci\u00f3n del instrumento, fecha y hora de salida y devoluci\u00f3n del mismo.<\/li>\n<li><strong>e)<\/strong> Devolver el instrumento en el mismo d\u00eda del pr\u00e9stamo.<\/li>\n<li><strong>f)<\/strong> Los\/as estudiantes solo podr\u00e1n hacer uso de los instrumentos musicales competentes a la carrera que cursa en la Instituci\u00f3n.<\/li>\n<li><strong>g)<\/strong> Las\/os estudiantes que quieran retirar instrumentos musicales ajenos a su carrera, deber\u00e1n presentar en el pa\u00f1ol la nota de autorizaci\u00f3n (ver anexo 3), firmada por le docente de la carrera del instrumento que quieran pedir. En dicha nota se dejar\u00e1 constancia de la idoneidad del estudiante para hacer uso del instrumento solicitado.<\/li>\n<li><strong>h)<\/strong> Menores de 14 a\u00f1os de edad no podr\u00e1n hacer uso de las aulas de la Instituci\u00f3n si no se encuentran acompa\u00f1ados por un mayor responsable o por el profesor a su cargo.<\/li>\n<li><strong>i)<\/strong> Verificar el estado del instrumento musical y aula al momento de recibirlo, y comunicar r\u00e1pidamente si falta alg\u00fan elemento o presenta alguna falla. Caso contrario, la\/el estudiante ser\u00e1 responsable de las irregularidades que \u00e9stos presenten al momento de su devoluci\u00f3n.<\/li>\n<li><strong>j)<\/strong> Los instrumentos musicales o accesorios de apoyo no podr\u00e1n ser retirados fuera de la Instituci\u00f3n. Caso contrario le solicitante ser\u00e1 percibido con la correspondiente sanci\u00f3n.<\/li>\n<li><strong>k)<\/strong> Los instrumentos musicales y\/o accesorios de apoyo deber\u00e1n usarse \u00fanicamente dentro de las aulas de la Instituci\u00f3n.<\/li>\n<li><strong>l)<\/strong> El uso de instrumentos musicales, aulas y accesorios de apoyo para estudiantes de la Instituci\u00f3n, estar\u00e1n sujetos a la disponibilidad, y se permitir\u00e1 el uso de los mismos por un tiempo m\u00e1ximo de 1 hora (renovables por 2 horas m\u00e1s como m\u00e1ximo si no hubiera otro estudiante o docente que lo solicitase).<\/li>\n<li><strong>m)<\/strong> Respetar y cumplir con las indicaciones dadas por el\/la Encargado\/a de Medios de Apoyo T\u00e9cnico y Pedag\u00f3gico en turno. En caso de que \u00e9ste no se encuentre, cumplir con las indicaciones de les preceptores designados a cubrir dicha tarea.<\/li>\n<li><strong>n) <\/strong>Responder econ\u00f3micamente por cualquier da\u00f1o ocasionado al instrumento, aula o accesorios de apoyo por el uso irresponsable del mismo.<\/li>\n<\/ol>\n<p>&nbsp;<\/p>\n<p><strong>Art. 6- <\/strong>La\/el estudiante tendr\u00e1 libre acceso a las aulas de la Instituci\u00f3n, siempre y cuando \u00e9stas est\u00e9n disponibles y sean utilizadas para fines did\u00e1cticos. Con excepci\u00f3n de:<\/p>\n<ol>\n<li><strong>a) <\/strong>Las aulas 5 y 19 s\u00f3lo podr\u00e1n ser utilizadas por estudiantes de la carrera de composici\u00f3n.<\/li>\n<li><strong>b)<\/strong> El aula 10 s\u00f3lo podr\u00e1 ser utilizada por estudiantes de la carrera de percusi\u00f3n.<\/li>\n<li><strong>c) <\/strong>Las aulas 12 y 13 s\u00f3lo podr\u00e1n ser utilizadas por estudiantes de Prof. IV de la carrera de Piano con el fin de preparar ex\u00e1menes finales de dicho a\u00f1o.<\/li>\n<li><strong>d) <\/strong>El aula 15 tendr\u00e1 prioridad para estudiantes de arpa.<\/li>\n<\/ol>\n<p>&nbsp;<\/p>\n<p><strong>Art. 7- <\/strong>Queda totalmente proh\u00edbo que estudiantes y profesores de la Instituci\u00f3n:<\/p>\n<ol>\n<li><strong>a)<\/strong> Corran de lugar los pianos.<\/li>\n<li><strong>b)<\/strong> Apoyen cualquier tipo de objeto sobre los pianos.<\/li>\n<li><strong>c)<\/strong> Desarmen los pianos o intenten reparar cualquier tipo de instrumento musical o accesorio de apoyo t\u00e9cnico-pedag\u00f3gico (en caso de observar fallas en alg\u00fan elemento, comunicar de inmediato al encargado de Medios T\u00e9cnicos).<\/li>\n<li><strong>d)<\/strong> Coman o beban dentro del aula.<\/li>\n<li><strong>e)<\/strong> Cierren el aula con llave desde su interior.<\/li>\n<li><strong>f)<\/strong> Apaguen las luces de las aulas durante su uso.<\/li>\n<\/ol>\n<p>&nbsp;<\/p>\n<p><strong>Art. 8- <\/strong>&nbsp;Los pedidos para el uso externo de instrumentos musicales y accesorios de apoyo est\u00e1n sujetos al cumplimiento de los siguientes requisitos:<\/p>\n<ol>\n<li><strong>a) <\/strong>Ser docente de la Instituci\u00f3n u ocupar un puesto jer\u00e1rquico (Presidente\/Vicepresidente) dentro de la Asociaci\u00f3n Cooperadora o Centro de Estudiantes<\/li>\n<li><strong>b)<\/strong> El pr\u00e9stamo de instrumentos para uso externo estar\u00e1 condicionado a la disponibilidad de \u00e9stos dentro de la Instituci\u00f3n.<\/li>\n<li>c) Los instrumentos musicales y materiales de apoyo s\u00f3lo podr\u00e1n ser retirados y devueltos a la Instituci\u00f3n por el\/la docente o responsable de la salida.<\/li>\n<li><strong>c)<\/strong> Las\/os estudiantes integrantes de la c\u00e1tedra deber\u00e1n respetar la clasificaci\u00f3n para uso externos de instrumentos musicales, seg\u00fan detalla el anexo 1 del presente reglamento. Caso contrario no se autorizar\u00e1 la salida del instrumento musical que el\/la estudiante requiera.<\/li>\n<li><strong>d)<\/strong> Integrantes de las c\u00e1tedras ajenos a la Instituci\u00f3n deber\u00e1n ser socios activos de la Asociaci\u00f3n Cooperadora. Caso contrario no podr\u00e1n utilizar los instrumentos musicales de la Instituci\u00f3n.<\/li>\n<li><strong>e)<\/strong> La\/el docente o responsable debe hacerse cargo del medio de transporte de los instrumentos musicales. En caso de contratar alg\u00fan servicio que realice esta tarea, le docente deber\u00e1 consignar los datos del mismo en la nota de solicitud.<\/li>\n<li><strong>f) <\/strong>Los instrumentos musicales y accesorios de apoyo t\u00e9cnico-pedag\u00f3gico no podr\u00e1n ser utilizados fuera de la Instituci\u00f3n para presentaciones personales de los\/as docentes o responsables.<\/li>\n<li><strong>g)<\/strong> La\/el docente o responsable deber\u00e1 tener aprobadas las autorizaciones correspondientes a la lecci\u00f3n paseo.<\/li>\n<li><strong>h) <\/strong>Solicitar en el pa\u00f1ol o en la secretar\u00eda de la Instituci\u00f3n (con una antelaci\u00f3n no menor a 72 hs.) la nota de solicitud para el uso externo de instrumentos musicales (ver anexo 2). Dicha nota deber\u00e1 ser completada por triplicado y ser entregada al encargado\/a de medios en turno o les preceptores designados a cumplir dicha tarea.<\/li>\n<li><strong>i)<\/strong> Una vez aprobada la solicitud por la Direcci\u00f3n de la Instituci\u00f3n y la Direcci\u00f3n de la Asociaci\u00f3n Cooperadora, le docente o responsable podr\u00e1 hacer uso externo \u00fanicamente de los instrumentos o accesorios detallados en la nota de solicitud, en las condiciones y plazos establecidos.<\/li>\n<li><strong>j)<\/strong> La\/el docente o responsable deber\u00e1 hacerse cargo de la devoluci\u00f3n de los instrumentos en tiempo y forma consignados en el anexo 2.<\/li>\n<\/ol>\n<p>&nbsp;<\/p>\n<p><strong>SANCIONES POR EL USO IRRESPONSABLE DE LOS INSTRUMENTOS MUSICALES Y ACCESORIOS DE APOYO T\u00c9CNICO \u2013 PEDAG\u00d3GICO:<\/strong><\/p>\n<p>&nbsp;<\/p>\n<p><strong>Art. 9- <\/strong>En caso de accidentes, roturas, o extrav\u00edo de los instrumentos musicales o accesorios de apoyo por uso irresponsable, el\/la solicitante deber\u00e1 reponer econ\u00f3micamente los da\u00f1os ocasionados y hacerse cargo de la reparaci\u00f3n del mismo.<\/p>\n<p><strong>Art. 10- <\/strong>&nbsp;En caso de retirar el instrumento y\/o materiales did\u00e1cticos fuera del establecimiento sin previa autorizaci\u00f3n de la Direcci\u00f3n, de no devolver en tiempo y forma el mismo, de no respetar las indicaciones de los encargados de medios t\u00e9cnicos o preceptores, de no utilizar el instrumento para su fin y hacer uso inadecuado del mismo, o de no cumplir con cualquiera de los art\u00edculos establecidos en el presente reglamento, la\/el solicitante ser\u00e1 percibido con la correspondiente sanci\u00f3n que determine la Direcci\u00f3n de la Instituci\u00f3n en base al acuerdo de Convivencia del Consejo Acad\u00e9mico Institucional.<\/p>\n<p><strong>Art. 11-<\/strong> El uso de los materiales de apoyo t\u00e9cnico y pedag\u00f3gico implica la aceptaci\u00f3n de los t\u00e9rminos y condiciones establecidos en este reglamento.<\/p>\n<p>&nbsp;<\/p>\n<p>El presente reglamento fue actualizado el 3 de abril de 2019, y entrar\u00e1 en vigencia a partir del corriente ciclo lectivo y deber\u00e1 ser cumplido por toda la comunidad del Conservatorio de M\u00fasica de Mor\u00f3n Alberto Ginastera.<\/p>\n","protected":false},"excerpt":{"rendered":"<p>Direcci\u00f3n General de Cultura y Educaci\u00f3n Direcci\u00f3n de Educaci\u00f3n Art\u00edstica &nbsp; CONSERVATORIO DE M\u00daSICA DE MOR\u00d3N \u201cALBERTO GINASTERA \u201c &nbsp; REGLAMENTO PARA EL USO DE LOS INSTRUMENTOS MUSICALES Y ACCESORIOS DE APOYO T\u00c9CNICO Y PEDAG\u00d3GICO. &nbsp; FINALIDAD: Art. 1 &#8211; El presente reglamento establece las normas, procedimientos y sanciones para el uso y pr\u00e9stamo de &#8230; <a title=\"Reglamento de uso de Instrumentos Musicales\" class=\"read-more\" href=\"https:\/\/cmmoron-bue.infd.edu.ar\/sitio\/reglamento-de-uso-de-instrumentos-musicales\/\" aria-label=\"More on Reglamento de uso de Instrumentos Musicales\">[+]<\/a><\/p>\n","protected":false},"author":582,"featured_media":0,"parent":0,"menu_order":0,"comment_status":"closed","ping_status":"closed","template":"","meta":[],"acf":[],"_links":{"self":[{"href":"https:\/\/cmmoron-bue.infd.edu.ar\/sitio\/wp-json\/wp\/v2\/pages\/919"}],"collection":[{"href":"https:\/\/cmmoron-bue.infd.edu.ar\/sitio\/wp-json\/wp\/v2\/pages"}],"about":[{"href":"https:\/\/cmmoron-bue.infd.edu.ar\/sitio\/wp-json\/wp\/v2\/types\/page"}],"author":[{"embeddable":true,"href":"https:\/\/cmmoron-bue.infd.edu.ar\/sitio\/wp-json\/wp\/v2\/users\/582"}],"replies":[{"embeddable":true,"href":"https:\/\/cmmoron-bue.infd.edu.ar\/sitio\/wp-json\/wp\/v2\/comments?post=919"}],"version-history":[{"count":2,"href":"https:\/\/cmmoron-bue.infd.edu.ar\/sitio\/wp-json\/wp\/v2\/pages\/919\/revisions"}],"predecessor-version":[{"id":2227,"href":"https:\/\/cmmoron-bue.infd.edu.ar\/sitio\/wp-json\/wp\/v2\/pages\/919\/revisions\/2227"}],"wp:attachment":[{"href":"https:\/\/cmmoron-bue.infd.edu.ar\/sitio\/wp-json\/wp\/v2\/media?parent=919"}],"curies":[{"name":"wp","href":"https:\/\/api.w.org\/{rel}","templated":true}]}}