{"id":911,"date":"2018-08-29T15:08:07","date_gmt":"2018-08-29T18:08:07","guid":{"rendered":"https:\/\/cmmoron-bue.infd.edu.ar\/sitio\/planes-de-estudios-2\/"},"modified":"2026-02-21T08:47:40","modified_gmt":"2026-02-21T11:47:40","slug":"planes-de-estudios-2","status":"publish","type":"page","link":"https:\/\/cmmoron-bue.infd.edu.ar\/sitio\/planes-de-estudios-2\/","title":{"rendered":"Planes de estudios"},"content":{"rendered":"<p><span style=\"font-size: 10pt; color: #008080;\" data-mce-mark=\"1\"><strong>FORMACI\u00d3N B\u00c1SICA (FOBA)<\/strong><\/span><\/p>\n<p><span style=\"font-size: 10pt;\" data-mce-mark=\"1\">Est\u00e1 dividida seg\u00fan las edades de los alumnos:<\/span><\/p>\n<p><span style=\"font-size: 10pt;\" data-mce-mark=\"1\"><span style=\"font-size: 10pt;\" data-mce-mark=\"1\">La FOBA para ni\u00f1os<span style=\"font-size: 10pt;\" data-mce-mark=\"1\"> (9 a 13 a\u00f1os cumplidos al 30 de junio) est\u00e1 compuesta por dos ciclos, de tres a\u00f1os cada uno (<\/span>Ciclo Iniciaci\u00f3n y Ciclo Medio<span style=\"font-size: 10pt;\" data-mce-mark=\"1\">).<\/span><\/span>\u00a0Todas las materias se pueden cursar en forma regular o rendir en calidad de alumno LIBRE.<\/span><\/p>\n<table style=\"width: 470px; height: 69px;\" border=\"0\" cellspacing=\"10\">\n<tbody>\n<tr>\n<td style=\"background-color: #99a55a;\">\n<p style=\"text-align: center;\"><span style=\"font-size: 10pt;\" data-mce-mark=\"1\"><a href=\"https:\/\/drive.google.com\/file\/d\/1VoMtrcKkGgTxDbg6OqysdvLFNCpJUSfl\/view?usp=sharing\" target=\"_blank\" rel=\"noopener\">FOBA NI\u00d1OS\u00a0MATERIAS Y CORRELATIVAS<\/a><\/span><\/p>\n<\/td>\n<td><\/td>\n<\/tr>\n<\/tbody>\n<\/table>\n<p><span style=\"font-size: 10pt;\" data-mce-mark=\"1\">La FOBA para adultos tiene 3 niveles (de cursada anual) y el plan var\u00eda seg\u00fan se trate de instrumentos (Piano, guitarra, arpa, percusi\u00f3n, viol\u00edn, viola, violoncello, contrabajo, flauta traversa, flauta dulce, oboe, saxof\u00f3n, clarinete, fagot, corno franc\u00e9s, trompeta, tromb\u00f3n o tuba) o canto. <span style=\"font-size: 10pt;\" data-mce-mark=\"1\">Todas las materias se pueden cursar en forma regular o rendir en calidad LIBRE (seg\u00fan corresponda o permita el r\u00e9gimen acad\u00e9mico &gt; <em>PLAN DE EVALUACI\u00d3N<\/em>).<\/span><\/span><\/p>\n<table border=\"0\" cellspacing=\"10\">\n<tbody>\n<tr>\n<td style=\"background-color: #99a55a;\">\n<p style=\"text-align: center;\"><span style=\"font-size: 10pt;\" data-mce-mark=\"1\"><a href=\"https:\/\/spreadsheets0.google.com\/spreadsheet\/pub?hl=es&amp;hl=es&amp;key=0AsmM7zVskxy-dDRyWDhCcGFibGFYU3RKcGpDR3hOeHc&amp;single=true&amp;gid=0&amp;output=html\" target=\"_blank\" rel=\"noopener\">FOBA ADULTOS INSTRUMENTO MATERIAS Y CORRELATIVAS<\/a><\/span><\/p>\n<\/td>\n<td style=\"background-color: #efac0f;\">\n<p style=\"text-align: center;\"><span style=\"font-size: 10pt;\" data-mce-mark=\"1\"><a href=\"https:\/\/spreadsheets1.google.com\/spreadsheet\/pub?hl=es&amp;hl=es&amp;key=0AsmM7zVskxy-dF9RZEdFckN0UzhtV2pWNjhuOVduTGc&amp;single=true&amp;gid=0&amp;output=html\" target=\"_blank\" rel=\"noopener\">FOBA ADULTOS CANTO MATERIAS Y CORRELATIVAS<\/a><\/span><\/p>\n<\/td>\n<\/tr>\n<\/tbody>\n<\/table>\n<p><span style=\"font-size: 10pt; color: #008080;\" data-mce-mark=\"1\"><strong class=\"Texto_arial\" style=\"font-family: arial, helvetica, sans-serif; font-size: 10pt;\"><span style=\"font-size: 10pt; color: #008080;\" data-mce-mark=\"1\">PROFESORADOS<\/span><\/strong><\/span><\/p>\n<p class=\"Texto_arial\"><span style=\"font-size: 10pt;\" data-mce-mark=\"1\">Todos tienen una duraci\u00f3n de 4 a\u00f1os y el t\u00edtulo es\u00a0<\/span><strong style=\"font-size: 10pt;\">Profesor de M\u00fasica orientaci\u00f3n<\/strong><span style=\"font-size: 10pt;\" data-mce-mark=\"1\">:<\/span><strong style=\"font-size: 10pt;\">\u00a0<\/strong><strong style=\"font-size: 10pt;\">Instrumento, Canto, Direcci\u00f3n Coral, Musicolog\u00eda y Composici\u00f3n<\/strong><span style=\"font-size: 10pt;\" data-mce-mark=\"1\">\u00a0(<a href=\"https:\/\/drive.google.com\/file\/d\/1NDrXWJNI19yRi74Q0YBfsragoW6nnpZg\/view?usp=sharing\" target=\"_blank\" rel=\"noopener\">Resoluci\u00f3n 13234\/99<\/a>)\u00a0y\u00a0<\/span><strong style=\"font-size: 10pt;\">Educaci\u00f3n Musical<\/strong><span style=\"font-size: 10pt;\" data-mce-mark=\"1\">\u00a0 (<a href=\"https:\/\/drive.google.com\/file\/d\/1sXp4lL3RnObffvQJukK0RTZw-LT_yTMC\/view?usp=sharing\" target=\"_blank\" rel=\"noopener\">Resoluci\u00f3n 855\/11<\/a>). \u00a0<\/span><\/p>\n<p class=\"Texto_arial\">\n<p class=\"Texto_arial\"><span style=\"font-size: 10pt; color: #008080;\"><strong>Materias y correlativas de cada carrera (tambi\u00e9n se indica tipo de cursada: Presencialidad plena (PP) o Propuesta pedag\u00f3gica combinada (semipresencial) PPC; as\u00ed tambi\u00e9n el tipo de acreditaci\u00f3n: promoci\u00f3n &#8211; directa (PD) o con examen\u00a0 final obligatorio (EF)- y si se pueden rendir en calidad de libre.<\/strong><\/span><\/p>\n<table class=\" Texto_arial\" border=\"0\" cellspacing=\"10\">\n<tbody>\n<tr>\n<td class=\"Texto_arial\" style=\"text-align: center; background-color: #99a55a;\"><span style=\"font-size: 10pt;\" data-mce-mark=\"1\"><a href=\"https:\/\/docs.google.com\/spreadsheets\/d\/1a49CggPRecqQ1cZWTE8qnH05pvVC9nvIfV95xSzCv88\/edit?usp=sharing\" target=\"_blank\" rel=\"noopener\">INSTRUMENTO<\/a><\/span><\/td>\n<td class=\"Texto_arial\" style=\"text-align: center; background-color: #efac0f;\"><span style=\"font-size: 10pt;\" data-mce-mark=\"1\"><a href=\"https:\/\/docs.google.com\/spreadsheets\/d\/1u6xBbVIgwE62o5z2sr9wk8-xGfLwvADTOXXoi5ObFv4\/edit?usp=sharing\" target=\"_blank\" rel=\"noopener\">CANTO<\/a><\/span><\/td>\n<td class=\"Texto_arial\" style=\"text-align: center; background-color: #99a55a;\"><span style=\"font-size: 10pt;\" data-mce-mark=\"1\">EDUCACI\u00d3N PLAN VIEJO CADUC\u00d6<br \/>\n<\/span><\/td>\n<td class=\"Texto_arial\" style=\"text-align: center; background-color: #efac0f;\"><span style=\"font-size: 10pt;\" data-mce-mark=\"1\"><a href=\"https:\/\/docs.google.com\/spreadsheets\/d\/1nH05POgBdZ9ns9WqJbi-oGo3SYZXNxhk\/edit?usp=sharing&amp;ouid=100017770370714827018&amp;rtpof=true&amp;sd=true\" target=\"_blank\" rel=\"noopener\">EDUCACI\u00d3N MUSICAL<\/a><\/span><\/td>\n<\/tr>\n<tr>\n<td style=\"text-align: center; background-color: #efac0f;\"><span style=\"font-size: 10pt;\" data-mce-mark=\"1\"><a href=\"https:\/\/docs.google.com\/spreadsheets\/d\/1-OIsl5JohuYesJ-n_HziW6r-0gT16vUm\/edit?usp=sharing&amp;ouid=100017770370714827018&amp;rtpof=true&amp;sd=true\" target=\"_blank\" rel=\"noopener\">DIRECCI\u00d3N CORAL<\/a><\/span><\/td>\n<td style=\"text-align: center; background-color: #99a55a;\"><span style=\"font-size: 10pt;\" data-mce-mark=\"1\"><a href=\"https:\/\/docs.google.com\/spreadsheets\/d\/1LgBhWBPXwJvFuxUJqXzvFbCelpQaCjTp\/edit?usp=sharing&amp;ouid=100017770370714827018&amp;rtpof=true&amp;sd=truehttps:\/\/docs.google.com\/spreadsheets\/d\/1LgBhWBPXwJvFuxUJqXzvFbCelpQaCjTp\/edit?usp=sharing&amp;ouid=100017770370714827018&amp;rtpof=true&amp;sd=true\" target=\"_blank\" rel=\"noopener\">COMPOSICI\u00d3N<\/a><\/span><\/td>\n<td style=\"text-align: center; background-color: #efac0f;\"><span style=\"font-size: 10pt;\" data-mce-mark=\"1\"><a href=\"https:\/\/docs.google.com\/spreadsheets\/d\/1cj7KPvtII4HA--XoqIY5iZ_Vm8htPNJjYYd8av1WZns\/edit?usp=sharing\" target=\"_blank\" rel=\"noopener\">MUSICOLOG\u00cdA<\/a><\/span><\/td>\n<td class=\"Texto_arial\" style=\"text-align: center; background-color: #99a55a;\"><span style=\"font-size: 10pt;\" data-mce-mark=\"1\"><span style=\"font-size: 10pt;\" data-mce-mark=\"1\"><span style=\"font-size: 10pt;\" data-mce-mark=\"1\">\u00a0<\/span><a href=\"https:\/\/docs.google.com\/spreadsheets\/d\/11EmjPOyTFwQiQp8V_5eTaAFZIo-tRf8sNgXCwKEUL64\/edit#gid=2008778948\" target=\"_blank\" rel=\"noopener\">Tabla comparativa de todas las carreras Plan 13000<\/a><\/span><strong><br \/>\n<\/strong><\/span><\/td>\n<\/tr>\n<\/tbody>\n<\/table>\n<p class=\"Texto_arial\">\n<p class=\"Texto_arial\"><span style=\"color: #008080;\"><strong style=\"font-size: 10pt;\"><span style=\"font-size: 10pt;\" data-mce-mark=\"1\">TECNICATURAS<\/span><\/strong><\/span><\/p>\n<div class=\"Texto_arial\">\n<div><strong><span style=\"font-size: 10pt;\"><span style=\"font-size: 10pt;\">Instrumento\/Canto<\/span><\/span><\/strong><\/div>\n<div><span style=\"font-size: 10pt;\" data-mce-mark=\"1\"><span style=\"font-size: 10pt;\" data-mce-mark=\"1\">Primer T\u00edtulo: Instrumentista\/Cantante.\u00a0<\/span><span style=\"font-size: 10pt;\" data-mce-mark=\"1\">Duraci\u00f3n: 2 a\u00f1os (luego de aprobar la FOBA)\u00a0<\/span><\/span><\/div>\n<div><span style=\"font-size: 10pt;\" data-mce-mark=\"1\"><span style=\"font-size: 10pt;\" data-mce-mark=\"1\">T\u00edtulo final: Instrumentista Superior\/Cantante Superior.\u00a0<\/span><span style=\"font-size: 10pt;\" data-mce-mark=\"1\">Duraci\u00f3n: 2 a\u00f1os (luego de aprobar el nivel de Instrumentista)<\/span><span style=\"font-size: 10pt;\" data-mce-mark=\"1\"><br \/>\n<\/span><\/span><\/div>\n<div><strong><span style=\"font-size: 10pt;\" data-mce-mark=\"1\"><span style=\"font-size: 10pt;\" data-mce-mark=\"1\">Direcci\u00f3n Coral<\/span><\/span><\/strong><\/div>\n<div>\n<p><span style=\"font-size: 10pt;\" data-mce-mark=\"1\"><span style=\"font-size: 10pt;\" data-mce-mark=\"1\">T\u00edtulo: Preparador de Coros. Duraci\u00f3n: 3 a\u00f1os (luego de aprobar la FOBA)<\/span><\/span><\/p>\n<div>\n<p><span style=\"font-size: 10pt;\">T\u00edtulo: Director de Coros. Duraci\u00f3n: 1 a\u00f1o (luego de aprobar el nivel de Maestro Preparador)<\/span><\/p>\n<div><span style=\"font-size: 10pt;\"><span style=\"font-size: 10pt;\">Las materias son las mismas de los Profesorados ver cuadros m\u00e1s arriba) con excepci\u00f3n de las pedag\u00f3gicas.\u00a0<\/span><\/span><span style=\"font-size: 10pt;\">Aqu\u00ed se pueden bajar las Resoluci\u00f3n oficial\u00a0completa de las\u00a0<\/span><a style=\"font-size: 10pt;\" href=\"http:\/\/sites.google.com\/site\/conservatorioginastera\/planes\/AnexosRes.13235PostitulosyTecnicaturasM%C3%BAsica.doc?attredirects=0&amp;d=1\">Tecnicaturas<\/a><\/div>\n<\/div>\n<\/div>\n<\/div>\n","protected":false},"excerpt":{"rendered":"<p>FORMACI\u00d3N B\u00c1SICA (FOBA) Est\u00e1 dividida seg\u00fan las edades de los alumnos: La FOBA para ni\u00f1os (9 a 13 a\u00f1os cumplidos al 30 de junio) est\u00e1 compuesta por dos ciclos, de tres a\u00f1os cada uno (Ciclo Iniciaci\u00f3n y Ciclo Medio).\u00a0Todas las materias se pueden cursar en forma regular o rendir en calidad de alumno LIBRE. FOBA &#8230; <a title=\"Planes de estudios\" class=\"read-more\" href=\"https:\/\/cmmoron-bue.infd.edu.ar\/sitio\/planes-de-estudios-2\/\" aria-label=\"More on Planes de estudios\">[+]<\/a><\/p>\n","protected":false},"author":582,"featured_media":0,"parent":0,"menu_order":0,"comment_status":"closed","ping_status":"closed","template":"","meta":[],"acf":[],"_links":{"self":[{"href":"https:\/\/cmmoron-bue.infd.edu.ar\/sitio\/wp-json\/wp\/v2\/pages\/911"}],"collection":[{"href":"https:\/\/cmmoron-bue.infd.edu.ar\/sitio\/wp-json\/wp\/v2\/pages"}],"about":[{"href":"https:\/\/cmmoron-bue.infd.edu.ar\/sitio\/wp-json\/wp\/v2\/types\/page"}],"author":[{"embeddable":true,"href":"https:\/\/cmmoron-bue.infd.edu.ar\/sitio\/wp-json\/wp\/v2\/users\/582"}],"replies":[{"embeddable":true,"href":"https:\/\/cmmoron-bue.infd.edu.ar\/sitio\/wp-json\/wp\/v2\/comments?post=911"}],"version-history":[{"count":9,"href":"https:\/\/cmmoron-bue.infd.edu.ar\/sitio\/wp-json\/wp\/v2\/pages\/911\/revisions"}],"predecessor-version":[{"id":3190,"href":"https:\/\/cmmoron-bue.infd.edu.ar\/sitio\/wp-json\/wp\/v2\/pages\/911\/revisions\/3190"}],"wp:attachment":[{"href":"https:\/\/cmmoron-bue.infd.edu.ar\/sitio\/wp-json\/wp\/v2\/media?parent=911"}],"curies":[{"name":"wp","href":"https:\/\/api.w.org\/{rel}","templated":true}]}}