{"id":907,"date":"2018-08-29T15:08:06","date_gmt":"2018-08-29T18:08:06","guid":{"rendered":"https:\/\/cmmoron-bue.infd.edu.ar\/sitio\/sede-y-anexo\/"},"modified":"2025-10-29T09:29:19","modified_gmt":"2025-10-29T12:29:19","slug":"sede-y-anexo","status":"publish","type":"page","link":"https:\/\/cmmoron-bue.infd.edu.ar\/sitio\/sede-y-anexo\/","title":{"rendered":"Sede y Anexos"},"content":{"rendered":"\n<p class=\"has-text-align-left\" style=\"font-size:15px\">El Conservatorio de M\u00fasica de Mor\u00f3n <strong><em>\u00abAlberto Ginastera\u00bb<\/em><\/strong> forma parte del sistema de educaci\u00f3n p\u00fablica de gesti\u00f3n estatal, dependiendo de la <em>Direcci\u00f3n Gneral del Cultura y Educaci\u00f3n<\/em> de la Provincia de Buenos Aires. Siendo la nuestra, una instituci\u00f3n con mas de 70 a\u00f1os de historia y reconocimiento por la calidad de sus egresados hasta el d\u00eda de hoy.<\/p>\n\n\n\n<pre class=\"wp-block-preformatted\">NUESTRA SEDE se encuentra ubicada en San Mart\u00edn 370 - MOR\u00d3N, Buenos Aires <em><a href=\"https:\/\/www.google.es\/maps\/place\/Conservatorio+Alberto+Ginastera\/@-34.644012,-58.618498,14z\/data=!4m5!3m4!1s0x95bcc7675938bdff:0x857f003f0b81cf16!8m2!3d-34.65248!4d-58.6225736?hl=es\">(mapa)<\/a><\/em><\/pre>\n\n\n\n<pre class=\"wp-block-preformatted\">EL ANEXO GARCIA SILVA est\u00e1 ubicado en Garc\u00eda Silva 675 - MOR\u00d3N, Buenos Aires <em><a href=\"https:\/\/www.google.es\/maps\/place\/Int.+Norberto+Garc%C3%ADa+Silva+675,+B1708+DYK,+Provincia+de+Buenos+Aires\/@-34.6537586,-58.6201849,17z\/data=!3m1!4b1!4m5!3m4!1s0x95bcc7666d8cf8d5:0x406f999a609826b8!8m2!3d-34.653763!4d-58.6179962?hl=es\">(mapa)<\/a><\/em><\/pre>\n\n\n\n<pre class=\"wp-block-preformatted has-base-background-color has-background\">ANEXO y SUM ubicado en Rep. Oriental del Uruguay 451 - MOR\u00d3N, Buenos Aires <em><a href=\"https:\/\/goo.gl\/maps\/ijHBWzbCNTU8wKkp9\">(mapa)<\/a><\/em><\/pre>\n\n\n\n<div class=\"wp-block-group is-layout-flow\"><div class=\"wp-block-group__inner-container\">\n<p class=\"has-pale-pink-color has-text-color\" style=\"font-size:35px\">CONTACTO<\/p>\n\n\n\n<ul>\n<li><a href=\"mailto:conservatoriomoron@abc.gob.ar\" target=\"_blank\" rel=\"noreferrer noopener\">conservatoriomoron@abc.gob.ar<\/a><\/li>\n\n\n\n<li>Tel. (011) 4629-3173<\/li>\n\n\n\n<li>Horario de atenci\u00f3n 9 a 21<\/li>\n<\/ul>\n\n\n\n<p><\/p>\n<\/div><\/div>\n\n\n\n<p class=\"has-text-align-left\"><span style=\"color: #1c1c1c; font-family: Arial, Helvetica, sans-serif;\"><span style=\"font-size: 12px;\">&nbsp;<\/span><\/span><\/p>\n","protected":false},"excerpt":{"rendered":"<p>El Conservatorio de M\u00fasica de Mor\u00f3n \u00abAlberto Ginastera\u00bb forma parte del sistema de educaci\u00f3n p\u00fablica de gesti\u00f3n estatal, dependiendo de la Direcci\u00f3n Gneral del Cultura y Educaci\u00f3n de la Provincia de Buenos Aires. Siendo la nuestra, una instituci\u00f3n con mas de 70 a\u00f1os de historia y reconocimiento por la calidad de sus egresados hasta el &#8230; <a title=\"Sede y Anexos\" class=\"read-more\" href=\"https:\/\/cmmoron-bue.infd.edu.ar\/sitio\/sede-y-anexo\/\" aria-label=\"More on Sede y Anexos\">[+]<\/a><\/p>\n","protected":false},"author":582,"featured_media":0,"parent":0,"menu_order":0,"comment_status":"closed","ping_status":"closed","template":"","meta":[],"acf":[],"_links":{"self":[{"href":"https:\/\/cmmoron-bue.infd.edu.ar\/sitio\/wp-json\/wp\/v2\/pages\/907"}],"collection":[{"href":"https:\/\/cmmoron-bue.infd.edu.ar\/sitio\/wp-json\/wp\/v2\/pages"}],"about":[{"href":"https:\/\/cmmoron-bue.infd.edu.ar\/sitio\/wp-json\/wp\/v2\/types\/page"}],"author":[{"embeddable":true,"href":"https:\/\/cmmoron-bue.infd.edu.ar\/sitio\/wp-json\/wp\/v2\/users\/582"}],"replies":[{"embeddable":true,"href":"https:\/\/cmmoron-bue.infd.edu.ar\/sitio\/wp-json\/wp\/v2\/comments?post=907"}],"version-history":[{"count":6,"href":"https:\/\/cmmoron-bue.infd.edu.ar\/sitio\/wp-json\/wp\/v2\/pages\/907\/revisions"}],"predecessor-version":[{"id":3043,"href":"https:\/\/cmmoron-bue.infd.edu.ar\/sitio\/wp-json\/wp\/v2\/pages\/907\/revisions\/3043"}],"wp:attachment":[{"href":"https:\/\/cmmoron-bue.infd.edu.ar\/sitio\/wp-json\/wp\/v2\/media?parent=907"}],"curies":[{"name":"wp","href":"https:\/\/api.w.org\/{rel}","templated":true}]}}