{"id":903,"date":"2018-08-29T15:08:04","date_gmt":"2018-08-29T18:08:04","guid":{"rendered":"https:\/\/cmmoron-bue.infd.edu.ar\/sitio\/equipo-de-conduccion\/"},"modified":"2025-05-24T11:07:47","modified_gmt":"2025-05-24T14:07:47","slug":"equipo-de-conduccion","status":"publish","type":"page","link":"https:\/\/cmmoron-bue.infd.edu.ar\/sitio\/equipo-de-conduccion\/","title":{"rendered":"Equipo de conducci\u00f3n"},"content":{"rendered":"\n<div class=\"wp-block-group is-vertical is-layout-flex wp-container-1\">\n<p class=\"has-accent-color has-text-color\">DIRECTORA<\/p>\n\n\n\n<p>Lic. Romina Su\u00e1rez<\/p>\n<\/div>\n\n\n\n<div class=\"wp-block-group is-vertical is-layout-flex wp-container-2\">\n<p class=\"has-accent-color has-text-color\">VICEDIRECTOR<\/p>\n\n\n\n<p>Lic. Sergio Daniel Beron<\/p>\n<\/div>\n\n\n\n<div class=\"wp-block-group is-vertical is-layout-flex wp-container-3\">\n<p class=\"has-accent-color has-text-color\">REGENTES de ESTUDIO<\/p>\n\n\n\n<p>Prof. Gabriela Fabricant<\/p>\n\n\n\n<p>Prof. Nora Ojeda<\/p>\n<\/div>\n\n\n\n<div class=\"wp-block-group is-vertical is-layout-flex wp-container-4\">\n<p class=\"has-accent-color has-text-color\">SECRETARIA<\/p>\n\n\n\n<p>Mar\u00eda Laura Segovia<\/p>\n<\/div>\n\n\n\n<div class=\"wp-block-group is-vertical is-layout-flex wp-container-5\">\n<p class=\"has-accent-color has-text-color\">PRO-SECRETARIA<\/p>\n\n\n\n<p>Prof. Andrea Ver\u00f3nica Veltri<\/p>\n\n\n\n<p>Prof. Perla Hrynkiewicz<\/p>\n<\/div>\n\n\n\n<div class=\"wp-block-group is-vertical is-layout-flex wp-container-6\">\n<p class=\"has-accent-color has-text-color\">JEFES de \u00c1REA<\/p>\n\n\n\n<p>Lic. Jimena Veiga<\/p>\n\n\n\n<p>Prof. Dandrea Balietti<\/p>\n\n\n\n<p>Mgter. Hern\u00e1n Here<\/p>\n\n\n\n<p>Prof. Anabella Bonanni<\/p>\n<\/div>\n","protected":false},"excerpt":{"rendered":"<p>DIRECTORA Lic. Romina Su\u00e1rez VICEDIRECTOR Lic. Sergio Daniel Beron REGENTES de ESTUDIO Prof. Gabriela Fabricant Prof. Nora Ojeda SECRETARIA Mar\u00eda Laura Segovia PRO-SECRETARIA Prof. Andrea Ver\u00f3nica Veltri Prof. Perla Hrynkiewicz JEFES de \u00c1REA Lic. Jimena Veiga Prof. Dandrea Balietti Mgter. Hern\u00e1n Here Prof. Anabella Bonanni<\/p>\n","protected":false},"author":582,"featured_media":0,"parent":0,"menu_order":0,"comment_status":"closed","ping_status":"closed","template":"","meta":[],"acf":[],"_links":{"self":[{"href":"https:\/\/cmmoron-bue.infd.edu.ar\/sitio\/wp-json\/wp\/v2\/pages\/903"}],"collection":[{"href":"https:\/\/cmmoron-bue.infd.edu.ar\/sitio\/wp-json\/wp\/v2\/pages"}],"about":[{"href":"https:\/\/cmmoron-bue.infd.edu.ar\/sitio\/wp-json\/wp\/v2\/types\/page"}],"author":[{"embeddable":true,"href":"https:\/\/cmmoron-bue.infd.edu.ar\/sitio\/wp-json\/wp\/v2\/users\/582"}],"replies":[{"embeddable":true,"href":"https:\/\/cmmoron-bue.infd.edu.ar\/sitio\/wp-json\/wp\/v2\/comments?post=903"}],"version-history":[{"count":17,"href":"https:\/\/cmmoron-bue.infd.edu.ar\/sitio\/wp-json\/wp\/v2\/pages\/903\/revisions"}],"predecessor-version":[{"id":2851,"href":"https:\/\/cmmoron-bue.infd.edu.ar\/sitio\/wp-json\/wp\/v2\/pages\/903\/revisions\/2851"}],"wp:attachment":[{"href":"https:\/\/cmmoron-bue.infd.edu.ar\/sitio\/wp-json\/wp\/v2\/media?parent=903"}],"curies":[{"name":"wp","href":"https:\/\/api.w.org\/{rel}","templated":true}]}}