{"id":881,"date":"2018-08-29T15:07:59","date_gmt":"2018-08-29T18:07:59","guid":{"rendered":"https:\/\/cmmoron-bue.infd.edu.ar\/sitio\/tramites\/"},"modified":"2025-11-12T10:30:31","modified_gmt":"2025-11-12T13:30:31","slug":"tramites","status":"publish","type":"page","link":"https:\/\/cmmoron-bue.infd.edu.ar\/sitio\/tramites\/","title":{"rendered":"Tr\u00e1mites"},"content":{"rendered":"\n<h3 class=\"wp-block-heading\"><mark style=\"background-color:rgba(0, 0, 0, 0)\" class=\"has-inline-color has-black-color\">SOLICITUD DE T\u00cdTULO<strong> <\/strong><\/mark><\/h3>\n\n\n\n<p>&#8211; Consultas al mail&nbsp;<a href=\"mailto:conserginasterasecretaria@gmail.com\">ginasteratitulos@gmail.com<\/a><\/p>\n\n\n\n<p>&#8211; Iniciar el tr\u00e1mite presentando <strong>de manera presencial<\/strong> en la Sede principal fotocopias de:<em><strong> DNI, Partida de nacimiento, Anal\u00edtico del secundario, Libreta FOBA, Libreta Profesorado.<\/strong><\/em> Todo este material solicitado debe entregarse contenido dentro de un folio.<\/p>\n\n\n\n<h6 class=\"wp-block-heading\"><\/h6>\n\n\n\n<hr class=\"wp-block-separator has-alpha-channel-opacity\"\/>\n\n\n\n<h3 class=\"wp-block-heading\"><strong>&nbsp;<\/strong>SOLICITUD DE ANAL\u00cdTICO<\/h3>\n\n\n\n<p>&#8211; Presentar igual documentaci\u00f3n que para solicitud de TITULO, exceptuando la partida de nacimiento. <\/p>\n\n\n\n<p>&#8211; Consulta y solicitud al correo <a href=\"mailto:conserginasterasecretaria@gmail.com\">conserginasterasecretaria@gmail.com<\/a>&nbsp;<\/p>\n\n\n\n<h3 class=\"wp-block-heading\">SOLICITUD DE CONSTANCIAS<\/h3>\n\n\n\n<p>&#8211; Para la solicitud de constancias (de<em> ALUMNO REGULAR<\/em> y <em>PORCENTAJE de MATERIAS<\/em>), el tr\u00e1mite se realiza de manera presencial \u00fanicamente.<\/p>\n\n\n\n<p>DESCARGAS:<\/p>\n\n\n\n<blockquote class=\"wp-block-quote\">\n<p><strong><em><a href=\"https:\/\/drive.google.com\/file\/d\/1O8J1JhnzxlXesSHqAfsfpIUUPWyFD8Db\/view?usp=sharing\">Constancia General<\/a><\/em><\/strong><\/p>\n\n\n\n<p><strong><em><a href=\"https:\/\/drive.google.com\/file\/d\/1mlMCIGg1YM_IwFCtmTowSA1QNL4CBs6G\/view?usp=sharing\">Porcentaje de Materias<\/a><\/em><\/strong><\/p>\n<cite><strong><a href=\"https:\/\/drive.google.com\/file\/d\/1hvpfiNkAnzIANrBvFkIKIfkkk36zfI9r\/view?usp=sharing\">Constancia de Examen<\/a><\/strong><\/cite><\/blockquote>\n\n\n\n<p>Sede Central &lt;San Mart\u00edn 370&gt; de 9 a 21 hs.<\/p>\n\n\n\n<hr class=\"wp-block-separator has-alpha-channel-opacity\"\/>\n\n\n\n<h2 class=\"wp-block-heading\">EQUIVALENCIAS Y PASES<\/h2>\n\n\n\n<p>&#8211; Bajar y leer&nbsp;<a rel=\"noreferrer noopener\" href=\"https:\/\/docs.google.com\/document\/d\/1PqAOjMOJsjk6Vgm9NEZpssoLbFPNdfmWhiZKUR-d4L0\/edit\" target=\"_blank\">Instructivo<\/a><\/p>\n\n\n\n<p>&#8211; Documentaci\u00f3n adicional:&nbsp;<a rel=\"noreferrer noopener\" href=\"https:\/\/docs.google.com\/document\/d\/1u4XG3pWC_kfMJGX9guGl4qLGPQCuhITeMpXWUHZ5ADk\/edit\" target=\"_blank\">Solicitud de equivalencia<\/a>&nbsp;y&nbsp;<a rel=\"noreferrer noopener\" href=\"https:\/\/docs.google.com\/document\/d\/1IBIJ5W1r62PiuxlYmN_ZPOcn7MJQv2DvwFghiDG9nbo\/edit\" target=\"_blank\">Solicitud de pase<\/a><\/p>\n\n\n\n<p>&#8211; Consultas y solicitud: <a href=\"mailto:jefaturaginastera@gmail.com\">jefaturaginastera@gmail.com<\/a><\/p>\n","protected":false},"excerpt":{"rendered":"<p>SOLICITUD DE T\u00cdTULO &#8211; Consultas al mail&nbsp;ginasteratitulos@gmail.com &#8211; Iniciar el tr\u00e1mite presentando de manera presencial en la Sede principal fotocopias de: DNI, Partida de nacimiento, Anal\u00edtico del secundario, Libreta FOBA, Libreta Profesorado. Todo este material solicitado debe entregarse contenido dentro de un folio. &nbsp;SOLICITUD DE ANAL\u00cdTICO &#8211; Presentar igual documentaci\u00f3n que para solicitud de TITULO, &#8230; <a title=\"Tr\u00e1mites\" class=\"read-more\" href=\"https:\/\/cmmoron-bue.infd.edu.ar\/sitio\/tramites\/\" aria-label=\"More on Tr\u00e1mites\">[+]<\/a><\/p>\n","protected":false},"author":582,"featured_media":0,"parent":0,"menu_order":0,"comment_status":"closed","ping_status":"closed","template":"","meta":[],"acf":[],"_links":{"self":[{"href":"https:\/\/cmmoron-bue.infd.edu.ar\/sitio\/wp-json\/wp\/v2\/pages\/881"}],"collection":[{"href":"https:\/\/cmmoron-bue.infd.edu.ar\/sitio\/wp-json\/wp\/v2\/pages"}],"about":[{"href":"https:\/\/cmmoron-bue.infd.edu.ar\/sitio\/wp-json\/wp\/v2\/types\/page"}],"author":[{"embeddable":true,"href":"https:\/\/cmmoron-bue.infd.edu.ar\/sitio\/wp-json\/wp\/v2\/users\/582"}],"replies":[{"embeddable":true,"href":"https:\/\/cmmoron-bue.infd.edu.ar\/sitio\/wp-json\/wp\/v2\/comments?post=881"}],"version-history":[{"count":16,"href":"https:\/\/cmmoron-bue.infd.edu.ar\/sitio\/wp-json\/wp\/v2\/pages\/881\/revisions"}],"predecessor-version":[{"id":3077,"href":"https:\/\/cmmoron-bue.infd.edu.ar\/sitio\/wp-json\/wp\/v2\/pages\/881\/revisions\/3077"}],"wp:attachment":[{"href":"https:\/\/cmmoron-bue.infd.edu.ar\/sitio\/wp-json\/wp\/v2\/media?parent=881"}],"curies":[{"name":"wp","href":"https:\/\/api.w.org\/{rel}","templated":true}]}}