{"id":286,"date":"2016-10-31T13:17:59","date_gmt":"2016-10-31T16:17:59","guid":{"rendered":"https:\/\/cmmoron-bue.infd.edu.ar\/sitio\/?page_id=286"},"modified":"2026-03-21T08:29:17","modified_gmt":"2026-03-21T11:29:17","slug":"inicio","status":"publish","type":"page","link":"https:\/\/cmmoron-bue.infd.edu.ar\/sitio\/","title":{"rendered":""},"content":{"rendered":"\n<div class=\"wp-block-columns is-layout-flex wp-container-7\">\n<div class=\"wp-block-column is-layout-flow\" style=\"flex-basis:100%\">\n<marquee> Bienvenidos a la Web Oficial del Conservatorio de M\u00fasica de Mor\u00f3n ALBERTO GINASTERA <\/marquee>\n\n\n\n<div class=\"wp-block-columns is-layout-flex wp-container-3\">\n<div class=\"wp-block-column is-layout-flow\" style=\"flex-basis:66.66%\">\n<div class=\"alignnormal\"><div id=\"metaslider-id-403\" style=\"max-width: 700px;\" class=\"ml-slider-3-33-0 metaslider metaslider-flex metaslider-403 ml-slider ms-theme-default\" role=\"region\" aria-roledescription=\"Slideshow\" aria-label=\"Slideshow\">\n    <div id=\"metaslider_container_403\">\n        <div id=\"metaslider_403\" class=\"flexslider\">\n            <ul aria-live=\"polite\" class=\"slides\">\n                <li style=\"display: block; width: 100%;\" class=\"slide-3235 ms-image\" aria-roledescription=\"slide\" aria-label=\"slide-3235\"><img width=\"1080\" height=\"1350\" src=\"https:\/\/cmmoron-bue.infd.edu.ar\/sitio\/wp-content\/uploads\/2026\/04\/76891D96-157D-400C-BBA0-134EC08C0FE7.jpeg\" class=\"slider-403 slide-3235\" alt=\"\" decoding=\"async\" loading=\"lazy\" rel=\"\" title=\"76891D96-157D-400C-BBA0-134EC08C0FE7\" srcset=\"https:\/\/cmmoron-bue.infd.edu.ar\/sitio\/wp-content\/uploads\/2026\/04\/76891D96-157D-400C-BBA0-134EC08C0FE7.jpeg 1080w, https:\/\/cmmoron-bue.infd.edu.ar\/sitio\/wp-content\/uploads\/2026\/04\/76891D96-157D-400C-BBA0-134EC08C0FE7-800x1000.jpeg 800w, https:\/\/cmmoron-bue.infd.edu.ar\/sitio\/wp-content\/uploads\/2026\/04\/76891D96-157D-400C-BBA0-134EC08C0FE7-768x960.jpeg 768w\" sizes=\"(max-width: 1080px) 100vw, 1080px\" \/><\/li>\n            <\/ul>\n        <\/div>\n        \n    <\/div>\n<\/div><\/div>\n<\/div>\n\n\n\n<div class=\"wp-block-column is-layout-flow\" style=\"flex-basis:33.33%\">\n<figure class=\"wp-block-table aligncenter is-style-stripes has-medium-font-size\"><table class=\"has-text-color\" style=\"color:#f52929\"><tbody><tr><td class=\"has-text-align-center\" data-align=\"center\"><strong><a href=\"http:\/\/ginastera.prox.com.ar\/login\" target=\"_blank\" rel=\"noreferrer noopener\">PROX<br><\/a><\/strong>Sistema de Gesti\u00f3n Acad\u00e9mica<\/td><\/tr><tr><td class=\"has-text-align-center\" data-align=\"center\"><strong><a rel=\"noreferrer noopener\" href=\"https:\/\/docs.google.com\/spreadsheets\/d\/1iWhWaLNq98b7fQcHq931la4m_6jo8iK9_s2OrpDweqY\/edit#gid=1427131586\" target=\"_blank\">PROFESORES AUSENTES<\/a><\/strong><br>\u2726<\/td><\/tr><tr><td class=\"has-text-align-center\" data-align=\"center\"><strong><a href=\"https:\/\/docs.google.com\/spreadsheets\/d\/1djNJ8yyktep5uU1EAWhAFSwIAGoZE-ia7pT_saW57TI\/edit?usp=sharing\" target=\"_blank\" rel=\"noreferrer noopener\">Horarios por DIA<\/a><\/strong><br> \u2726<\/td><\/tr><tr><td class=\"has-text-align-center\" data-align=\"center\"> <strong><a href=\"https:\/\/docs.google.com\/spreadsheets\/d\/15FYSbYJIGzkRW89hCN5KNBQkWPtP83NuHnQiPGlc2PE\/edit?usp=sharing\" target=\"_blank\" rel=\"noreferrer noopener\">Horarios por ASIGNATURA<\/a><\/strong><br> \u2726<\/td><\/tr><tr><td class=\"has-text-align-center\" data-align=\"center\"> <strong><a rel=\"noreferrer noopener\" href=\"https:\/\/docs.google.com\/spreadsheets\/d\/1ZLhMChTFm3TpYwn-0Ye4evNlkRTS3EKNxq4x8hGMEVw\/edit?usp=sharing\" target=\"_blank\">CALENDARIO ACAD\u00c9MICO<\/a><\/strong><br> \u2726<\/td><\/tr><tr><td class=\"has-text-align-center\" data-align=\"center\"> <strong><a href=\"https:\/\/www.google.com\/calendar\/embed?src=conservatorioginastera%40gmail.com&amp;ctz=America\/Argentina\/Buenos_Aires\">Conciertos y actividades<\/a><\/strong><br> \u2726<\/td><\/tr><tr><td class=\"has-text-align-center\" data-align=\"center\"><a href=\"https:\/\/padlet.com\/conservatorioginastera\/la-cartelera-del-ginastera-2mdy07flxxumebw8\"><strong>CARTELERA<\/strong> <\/a>(nuevo!)<br> \u2726<\/td><\/tr><tr><td class=\"has-text-align-center\" data-align=\"center\"> <strong><a rel=\"noreferrer noopener\" href=\"https:\/\/docs.google.com\/spreadsheets\/d\/1qrX0nD2xq1PL5KWKR3vyELuw39wCnekvVIp8SgkE3cY\/edit#gid=2008778948\" target=\"_blank\">PROGRAMAS<\/a><\/strong><br> \u2726<\/td><\/tr><tr><td class=\"has-text-align-center\" data-align=\"center\"> <strong><a href=\"https:\/\/cmmoron-bue.infd.edu.ar\/sitio\/wp-admin\/index.cgi?wid_item=23&amp;wid_seccion=28\">PLANES DE&nbsp;&nbsp;ESTUDIOS<\/a><\/strong><br> \u2726<\/td><\/tr><tr><td class=\"has-text-align-center\" data-align=\"center\"> <strong><strong><a rel=\"noreferrer noopener\" href=\"https:\/\/groups.google.com\/g\/conservatorio-ginastera-difusion?pli=1\" target=\"_blank\">GINASTERA DIFUSION<br><\/a><\/strong><\/strong>(suscribite a lista de mails)<br> \u2726<\/td><\/tr><\/tbody><\/table><\/figure>\n<\/div>\n<\/div>\n\n\n\n<hr class=\"wp-block-separator has-alpha-channel-opacity\"\/>\n\n\n\n<p class=\"has-text-color\" style=\"color:#226466\"><strong>BOLETO ESTUDIANTIL 2026<br>FOBA, PROFESORADOS Y TECNICATURAS<\/strong><\/p>\n\n\n\n<p>Estimados estudiantes quienes requieran el boleto estudiantil deber\u00e1n completar el siguiente <a href=\"https:\/\/docs.google.com\/forms\/d\/e\/1FAIpQLSd_afaA6IdTCaUQEx2pmDeim3n-TQVnuYErKb4ItXPiMkLoaw\/viewform\" target=\"_blank\" rel=\"noreferrer noopener\">formulario<\/a>.<br>El mismo estar\u00e1 publicado en la p\u00e1gina del conservatorio y en NOVEDADES del sistema PROX.<\/p>\n\n\n\n<hr class=\"wp-block-separator has-alpha-channel-opacity\"\/>\n\n\n\n<p><\/p>\n\n\n\n<p class=\"has-text-color\" style=\"color:#226466\"><strong>SOLICITUD DE EQUIVALENCIAS Y PASES 2026<\/strong><\/p>\n\n\n\n<p>Primera instancia, mediante <a href=\"https:\/\/docs.google.com\/forms\/d\/e\/1FAIpQLSebs6SzbiXZNNxbPNCgOPkm_Nvjt4qJoW0d7l3_5moRpOd6XA\/viewform\" target=\"_blank\" rel=\"noreferrer noopener\">formulario web<\/a><\/p>\n\n\n\n<ul>\n<li>23\/02 al 27\/02<\/li>\n<\/ul>\n\n\n\n<p><\/p>\n\n\n\n<p>Segunda instancia, entrega de documentaci\u00f3n (Presencial en Sede central). Ver horarios en el sitio de <a href=\"https:\/\/docs.google.com\/document\/d\/1PqAOjMOJsjk6Vgm9NEZpssoLbFPNdfmWhiZKUR-d4L0\/edit?tab=t.0\" target=\"_blank\" rel=\"noreferrer noopener\">tr\u00e1mites<\/a>.<\/p>\n\n\n\n<ul>\n<li>02\/03 al 07\/03<\/li>\n<\/ul>\n\n\n\n<p><\/p>\n\n\n\n<p>Respuesta de las solicitudes<\/p>\n\n\n\n<ul>\n<li>A partir de la primera semana de abril<\/li>\n<\/ul>\n\n\n\n<p>M\u00e1s informaci\u00f3n en la secci\u00f3n de <a href=\"https:\/\/docs.google.com\/document\/d\/1PqAOjMOJsjk6Vgm9NEZpssoLbFPNdfmWhiZKUR-d4L0\/edit?tab=t.0\" data-type=\"URL\" data-id=\"https:\/\/docs.google.com\/document\/d\/1PqAOjMOJsjk6Vgm9NEZpssoLbFPNdfmWhiZKUR-d4L0\/edit?tab=t.0\" target=\"_blank\" rel=\"noreferrer noopener\">tr\u00e1mites<\/a>.<\/p>\n\n\n\n<p>Consultas: <a href=\"mailto:jefaturaginastera@gmail.com\" target=\"_blank\" rel=\"noreferrer noopener\">jefaturaginastera@gmail.com<\/a><\/p>\n\n\n\n<hr class=\"wp-block-separator has-alpha-channel-opacity\"\/>\n\n\n\n<p class=\"has-text-color\" style=\"color:#226466\"><strong>MESAS DE EX\u00c1MENES FEBRERO\/MARZO 2026<\/strong><\/p>\n\n\n\n<p>A partir del 1\/2 al 10\/2&nbsp;<\/p>\n\n\n\n<ul>\n<li>Previos: por<a href=\"http:\/\/ginastera.prox.com.ar\/login\" target=\"_blank\" rel=\"noreferrer noopener\"> Sistema Prox.<\/a><\/li>\n\n\n\n<li>Libres: por <a href=\"https:\/\/docs.google.com\/forms\/d\/e\/1FAIpQLSe-aGDx2JKmruZsuNKqdvNYrXsdx202j9nB1Kr-vW7UjmC-qw\/viewform?usp=header\">formulario de inscripci\u00f3n<\/a><\/li>\n<\/ul>\n\n\n\n<p>Deber\u00e1n consultar en la <a href=\"https:\/\/docs.google.com\/spreadsheets\/d\/1dBLr84C3MLxjLPMDywlWPE78LZxHKyY6\/edit?usp=drive_link&amp;ouid=100017770370714827018&amp;rtpof=true&amp;sd=true\" target=\"_blank\" rel=\"noreferrer noopener\">Grilla de ex\u00e1menes<\/a> los siguientes datos:<\/p>\n\n\n\n<ul>\n<li>&nbsp;Materia<\/li>\n\n\n\n<li>&nbsp;Fecha<\/li>\n\n\n\n<li>&nbsp;Turno<\/li>\n\n\n\n<li>&nbsp;Docente de la mesa&nbsp;&nbsp;&nbsp;<\/li>\n<\/ul>\n\n\n\n<p>Las mesas se efectuar\u00e1n a partir del&nbsp; 23 al 28 de febrero, en sede San Martin 370,&nbsp;<\/p>\n\n\n\n<ul>\n<li>turno ma\u00f1ana: 8:00 hs<\/li>\n\n\n\n<li>turno tarde:13:00 hs<\/li>\n\n\n\n<li>turno vespertino:17:30 hs<\/li>\n<\/ul>\n\n\n\n<p>Recuerden que deben tener las materias correlativas aprobadas a la hora de la inscripci\u00f3n<\/p>\n\n\n\n<p>Recomendamos anotar el aula, para facilitar la organizaci\u00f3n a la hora de rendir el examen.<\/p>\n\n\n\n<p>Reclamos:<\/p>\n\n\n\n<ul>\n<li>12 y 13 de febrero en sede San Mart\u00edn 370.<\/li>\n<\/ul>\n\n\n\n<hr class=\"wp-block-separator has-alpha-channel-opacity\"\/>\n\n\n\n<p class=\"has-text-color\" style=\"color:#226466\"><strong>INGRESANTES 2026<\/strong><\/p>\n\n\n\n<p>Enlace al sistema para la pre inscripci\u00f3n: <a rel=\"noreferrer noopener\" href=\"http:\/\/ginastera.prox.com.ar\/inscripcion\" target=\"_blank\">http:\/\/ginastera.prox.com.ar\/inscripcion<\/a><\/p>\n\n\n\n<p><a rel=\"noreferrer noopener\" href=\"https:\/\/www.instagram.com\/reel\/DRwt0mejeMf\/?utm_source=ig_web_copy_link&amp;igsh=MzRlODBiNWFlZA==\" target=\"_blank\">Video instructivo<\/a> <\/p>\n\n\n\n<p class=\"has-text-color\" style=\"color:#226466\"><strong>ENTREGA DE DOCUMENTACI\u00d3N<\/strong><\/p>\n\n\n\n<p>Foba Ni\u00f1os y FOBA Educaci\u00f3n&nbsp;<strong>12 y 13 de febrero<\/strong><\/p>\n\n\n\n<p>Foba Adultos\/ Instrumento y FOBA Canto:&nbsp;<strong>18, 20 y 23 de febrero<\/strong><\/p>\n\n\n\n<p>Direcci\u00f3n: Garc\u00eda Silva 675<\/p>\n\n\n\n<p><strong>Horarios<\/strong><\/p>\n\n\n\n<ul>\n<li><strong>Turno ma\u00f1ana<\/strong><\/li>\n\n\n\n<li>9 a 12 hs<\/li>\n\n\n\n<li><strong>Turno Tarde<\/strong><\/li>\n\n\n\n<li>13 a 16<\/li>\n\n\n\n<li><strong>Turno Vespertino<\/strong><\/li>\n\n\n\n<li>17 a 20<\/li>\n<\/ul>\n\n\n\n<p>M\u00e1s informaci\u00f3n en: <a rel=\"noreferrer noopener\" href=\"https:\/\/cmmoron-bue.infd.edu.ar\/sitio\/inscripcion-ingresantes\/\" target=\"_blank\">https:\/\/cmmoron-bue.infd.edu.ar\/sitio\/inscripcion-ingresantes\/<\/a><\/p>\n\n\n\n<p><a href=\"https:\/\/cmmoron-bue.infd.edu.ar\/sitio\/wp-content\/uploads\/2026\/02\/FICHA-PERSONAL-menores-DE-18-ANOS-2023.pdf\" target=\"_blank\" rel=\"noreferrer noopener\">Ficha menores de 18 a\u00f1os<\/a> \u2013 <a href=\"https:\/\/cmmoron-bue.infd.edu.ar\/sitio\/wp-content\/uploads\/2026\/02\/FICHA-PERSONAL-MAYORES-DE-18-ANOS-2023.pdf\" target=\"_blank\" rel=\"noreferrer noopener\">Ficha mayores de 18 a\u00f1os<\/a><\/p>\n\n\n\n<p><a rel=\"noreferrer noopener\" href=\"https:\/\/drive.google.com\/file\/d\/1IpSlaaZvmc6yv62HQ0qOVHe8URPQc5tE\/view?usp=drive_link\" target=\"_blank\">Ficha <\/a><a rel=\"noreferrer noopener\" href=\"https:\/\/drive.google.com\/file\/d\/1IpSlaaZvmc6yv62HQ0qOVHe8URPQc5tE\/view?usp=drive_link\" target=\"_blank\">d<\/a><a href=\"https:\/\/drive.google.com\/file\/d\/1IpSlaaZvmc6yv62HQ0qOVHe8URPQc5tE\/view?usp=drive_link\" target=\"_blank\" rel=\"noreferrer noopener\">e<\/a><a rel=\"noreferrer noopener\" href=\"https:\/\/drive.google.com\/file\/d\/1IpSlaaZvmc6yv62HQ0qOVHe8URPQc5tE\/view?usp=drive_link\" target=\"_blank\"> autorizaciones para retiro de menores<\/a><\/p>\n\n\n\n<hr class=\"wp-block-separator has-alpha-channel-opacity\"\/>\n\n\n\n<p class=\"has-text-color has-medium-font-size\" style=\"color:#226466\"><strong>PROFESORADOS y TECNICATURAS<\/strong><br>Propuestas Pedag\u00f3gicas Combinadas<\/p>\n\n\n\n<p>Debido a la implementaci\u00f3n del nuevo R.A.M. 2025, y con los avales correspondientes, publicamos a continuaci\u00f3n la modalidad de cursada para el presente Ciclo Lectivo. La misma ofrece dos opciones de cursada combinada (presencial &#8211; virtual) y que se detallan para cada carrera y tecnicatura.<\/p>\n\n\n\n<div class=\"wp-block-buttons is-content-justification-center is-layout-flex wp-container-4\">\n<div class=\"wp-block-button\"><a class=\"wp-block-button__link wp-element-button\" href=\"https:\/\/docs.google.com\/document\/d\/1eRdFH3A1OeUyKxBxJhMagYHE2onJ-yNuAo4d71IBPuE\/edit?tab=t.0\">PROPUESTA PEDAG\u00d3GICA COMBINADA<\/a><\/div>\n<\/div>\n\n\n\n<hr class=\"wp-block-separator has-alpha-channel-opacity\"\/>\n\n\n<div class=\"wp-block-image\">\n<figure class=\"aligncenter size-thumbnail\"><img decoding=\"async\" loading=\"lazy\" width=\"500\" height=\"500\" src=\"https:\/\/cmmoron-bue.infd.edu.ar\/sitio\/wp-content\/uploads\/2024\/12\/CONCURSO-COMPOSICION-500x500.jpeg\" alt=\"\" class=\"wp-image-2712\" srcset=\"https:\/\/cmmoron-bue.infd.edu.ar\/sitio\/wp-content\/uploads\/2024\/12\/CONCURSO-COMPOSICION-500x500.jpeg 500w, https:\/\/cmmoron-bue.infd.edu.ar\/sitio\/wp-content\/uploads\/2024\/12\/CONCURSO-COMPOSICION-1000x1000.jpeg 1000w, https:\/\/cmmoron-bue.infd.edu.ar\/sitio\/wp-content\/uploads\/2024\/12\/CONCURSO-COMPOSICION-768x768.jpeg 768w, https:\/\/cmmoron-bue.infd.edu.ar\/sitio\/wp-content\/uploads\/2024\/12\/CONCURSO-COMPOSICION.jpeg 1080w\" sizes=\"(max-width: 500px) 100vw, 500px\" \/><\/figure><\/div>\n\n\n<div class=\"wp-block-group is-vertical is-layout-flex wp-container-5\">\n<p>Estamos muy contentos de anunciar la obra ganadora de este primer concurso de composici\u00f3n Ginastera 75 a\u00f1os!<br>La misma se titula EL VIEJO Y EL MAR del estudiante Didier Albera. Felicitaciones Didier! La obra ser\u00e1 estrenada por la Orquesta Sinf\u00f3nica durante la temporada de conciertos 2025.<\/p>\n\n\n\n<p>&#x1f538;Queremos tambi\u00e9n felicitar y agradecer la participaci\u00f3n de estudiantes y recientes egresados y egresadas, tanto en esta como en el resto de las categor\u00edas. Alentamos a continuar participando en concursos y cert\u00e1menes tanto dentro como tambi\u00e9n fuera de la instituci\u00f3n.<\/p>\n\n\n\n<p>Las categor\u00edas participantes fueron:<br>CATEGOR\u00cdA \u00abA\u00bb &#8211; Orquesta Sinf\u00f3nica<br>CATEGORIA \u00abB\u00bb &#8211; Orquestas de Jazz, Tango y Folklore<br>CATEGORIA \u00abC\u00bb &#8211; Ensambles Vocales e Instrumentales<\/p>\n\n\n\n<p>&#x1f4cc; El Concurso de Composici\u00f3n Alberto Ginastera tiene como principal finalidad alentar a estudiantes y recientes egresados y egresadas de la carrera de composici\u00f3n a difundir y exponer sus trabajos dentro de los g\u00e9neros acad\u00e9micos y populares, fomentando la creaci\u00f3n musical. Esperamos recibir nuevas postulaci\u00f3n en una 2da edici\u00f3n de este concurso!<\/p>\n<\/div>\n\n\n\n<hr class=\"wp-block-separator has-alpha-channel-opacity\"\/>\n\n\n\n<figure class=\"wp-block-embed is-type-video is-provider-youtube wp-block-embed-youtube wp-embed-aspect-16-9 wp-has-aspect-ratio\"><div class=\"wp-block-embed__wrapper\">\n<iframe loading=\"lazy\" title=\"PLATAFORMA PROX - Reempadronamiento de Estudiantes Regulares\" width=\"1200\" height=\"675\" src=\"https:\/\/www.youtube.com\/embed\/rGvkjJwJJkc?feature=oembed\" frameborder=\"0\" allow=\"accelerometer; autoplay; clipboard-write; encrypted-media; gyroscope; picture-in-picture; web-share\" referrerpolicy=\"strict-origin-when-cross-origin\" allowfullscreen><\/iframe>\n<\/div><\/figure>\n\n\n\n<hr class=\"wp-block-separator has-alpha-channel-opacity\"\/>\n<\/div>\n<\/div>\n\n\n\n<hr class=\"wp-block-separator has-alpha-channel-opacity\"\/>\n\n\n\n<hr class=\"wp-block-separator has-alpha-channel-opacity\"\/>\n\n\n\n<h2 class=\"wp-block-heading\">Visit\u00e1 nuestro canal de YouTube y Suscribite<\/h2>\n\n\n\n<div class=\"wp-block-columns is-layout-flex wp-container-10\">\n<div class=\"wp-block-column is-layout-flow\">\n<figure class=\"wp-block-embed is-type-video is-provider-youtube wp-block-embed-youtube wp-embed-aspect-16-9 wp-has-aspect-ratio\"><div class=\"wp-block-embed__wrapper\">\n<iframe loading=\"lazy\" title=\"Conservatorio de M\u00fasica de MORON Alberto Ginastera (institucional)\" width=\"1200\" height=\"675\" src=\"https:\/\/www.youtube.com\/embed\/C_Klgia1XIY?feature=oembed\" frameborder=\"0\" allow=\"accelerometer; autoplay; clipboard-write; encrypted-media; gyroscope; picture-in-picture; web-share\" referrerpolicy=\"strict-origin-when-cross-origin\" allowfullscreen><\/iframe>\n<\/div><figcaption class=\"wp-element-caption\">VIDEO INSTITUCIONAL<\/figcaption><\/figure>\n<\/div>\n\n\n\n<div class=\"wp-block-column is-layout-flow\">\n<figure class=\"wp-block-embed is-type-video is-provider-youtube wp-block-embed-youtube wp-embed-aspect-16-9 wp-has-aspect-ratio\"><div class=\"wp-block-embed__wrapper\">\n<iframe loading=\"lazy\" title=\"RADIO GINASTERA - Programa 17 (30\/10\/2022)\" width=\"1200\" height=\"675\" src=\"https:\/\/www.youtube.com\/embed\/qEzObbGF7JQ?feature=oembed\" frameborder=\"0\" allow=\"accelerometer; autoplay; clipboard-write; encrypted-media; gyroscope; picture-in-picture; web-share\" referrerpolicy=\"strict-origin-when-cross-origin\" allowfullscreen><\/iframe>\n<\/div><figcaption class=\"wp-element-caption\"><strong>Ultima edici\u00f3n de <em>\u00abLa Radio del Conser\u00bb<\/em>, publicada el domingo 30 de Octubre.<\/strong><\/figcaption><\/figure>\n<\/div>\n<\/div>\n\n\n\n<p><\/p>\n\n\n\n<hr class=\"wp-block-separator has-text-color has-vivid-green-cyan-color has-css-opacity has-vivid-green-cyan-background-color has-background is-style-wide\"\/>\n\n\n\n<p><em>El <strong>Conservatorio de M\u00fasica de Mor\u00f3n \u00abAlberto Ginastera\u00bb<\/strong> es una Instituci\u00f3n Estatal con 70 a\u00f1os de historia y reconocimiento por la calidad de sus egresados. <\/em><\/p>\n\n\n\n<p><em><img decoding=\"async\" loading=\"lazy\" title=\"icono correo3\" width=\"20\" height=\"15\" border=\"0\" style=\"border: 0;\" src=\"https:\/\/cmmoron-bue.infd.edu.ar\/sitio\/wp-content\/uploads\/2018\/08\/icono_correo3.png\" alt=\"icono correo3\"> <strong><em><strong><em><strong><a href=\"mailto:conservatoriomoron@abc.gob.ar\" target=\"_blank\" rel=\"noreferrer noopener\">conservatoriomoron@abc.gob.ar<\/a><\/strong><\/em><\/strong><\/em><\/strong><\/em><\/p>\n\n\n<div class=\"wp-block-image is-style-default\">\n<figure class=\"aligncenter is-resized\"><img decoding=\"async\" loading=\"lazy\" src=\"https:\/\/cmmoron-bue.infd.edu.ar\/sitio\/wp-content\/uploads\/2020\/10\/collage.jpg\" alt=\"\" class=\"wp-image-1189\" width=\"900\" height=\"700\"\/><\/figure><\/div>\n\n\n<p><\/p>\n\n\n<div class=\"wp-block-image\">\n<figure class=\"aligncenter size-large is-resized\"><img decoding=\"async\" loading=\"lazy\" src=\"https:\/\/cmmoron-bue.infd.edu.ar\/sitio\/wp-content\/uploads\/2021\/11\/LOGO-cmag-1900x1830.png\" alt=\"\" class=\"wp-image-1343\" width=\"206\" height=\"198\" srcset=\"https:\/\/cmmoron-bue.infd.edu.ar\/sitio\/wp-content\/uploads\/2021\/11\/LOGO-cmag-1900x1830.png 1900w, https:\/\/cmmoron-bue.infd.edu.ar\/sitio\/wp-content\/uploads\/2021\/11\/LOGO-cmag-1000x963.png 1000w, https:\/\/cmmoron-bue.infd.edu.ar\/sitio\/wp-content\/uploads\/2021\/11\/LOGO-cmag-768x740.png 768w, https:\/\/cmmoron-bue.infd.edu.ar\/sitio\/wp-content\/uploads\/2021\/11\/LOGO-cmag-1536x1480.png 1536w, https:\/\/cmmoron-bue.infd.edu.ar\/sitio\/wp-content\/uploads\/2021\/11\/LOGO-cmag-2048x1973.png 2048w\" sizes=\"(max-width: 206px) 100vw, 206px\" \/><\/figure><\/div>\n\n\n<p><\/p>\n\n\n\n<p><\/p>\n\n\n\n<p><\/p>\n\n\n\n<p><\/p>\n\n\n\n<p><\/p>\n\n\n\n<p><\/p>\n\n\n\n<p><\/p>\n\n\n\n<p><\/p>\n\n\n\n<p><\/p>\n\n\n\n<p><\/p>\n\n\n\n<p><\/p>\n\n\n\n<p><\/p>\n\n\n\n<div class=\"wp-block-columns is-layout-flex wp-container-11\"><\/div>\n\n\n\n<p><\/p>\n\n\n\n<p><\/p>\n\n\n\n<p><\/p>\n\n\n\n<p><\/p>\n\n\n\n<p><\/p>\n\n\n\n<p><\/p>\n\n\n\n<p><\/p>\n\n\n\n<p><\/p>\n\n\n\n<p><\/p>\n\n\n\n<p><\/p>\n\n\n\n<p><\/p>\n\n\n\n<p><\/p>\n\n\n\n<p><\/p>\n\n\n\n<p><\/p>\n\n\n\n<p><\/p>\n\n\n\n<p><\/p>\n\n\n\n<p><\/p>\n\n\n\n<p><\/p>\n\n\n\n<p><\/p>\n\n\n\n<p><\/p>\n","protected":false},"excerpt":{"rendered":"<p>Bienvenidos a la Web Oficial del Conservatorio de M\u00fasica de Mor\u00f3n ALBERTO GINASTERA PROXSistema de Gesti\u00f3n Acad\u00e9mica PROFESORES AUSENTES\u2726 Horarios por DIA \u2726 Horarios por ASIGNATURA \u2726 CALENDARIO ACAD\u00c9MICO \u2726 Conciertos y actividades \u2726 CARTELERA (nuevo!) \u2726 PROGRAMAS \u2726 PLANES DE&nbsp;&nbsp;ESTUDIOS \u2726 GINASTERA DIFUSION(suscribite a lista de mails) \u2726 BOLETO ESTUDIANTIL 2026FOBA, PROFESORADOS Y TECNICATURAS &#8230; <a title=\"\" class=\"read-more\" href=\"https:\/\/cmmoron-bue.infd.edu.ar\/sitio\/\" aria-label=\"More on \">[+]<\/a><\/p>\n","protected":false},"author":1,"featured_media":0,"parent":0,"menu_order":0,"comment_status":"closed","ping_status":"closed","template":"","meta":[],"acf":[],"_links":{"self":[{"href":"https:\/\/cmmoron-bue.infd.edu.ar\/sitio\/wp-json\/wp\/v2\/pages\/286"}],"collection":[{"href":"https:\/\/cmmoron-bue.infd.edu.ar\/sitio\/wp-json\/wp\/v2\/pages"}],"about":[{"href":"https:\/\/cmmoron-bue.infd.edu.ar\/sitio\/wp-json\/wp\/v2\/types\/page"}],"author":[{"embeddable":true,"href":"https:\/\/cmmoron-bue.infd.edu.ar\/sitio\/wp-json\/wp\/v2\/users\/1"}],"replies":[{"embeddable":true,"href":"https:\/\/cmmoron-bue.infd.edu.ar\/sitio\/wp-json\/wp\/v2\/comments?post=286"}],"version-history":[{"count":507,"href":"https:\/\/cmmoron-bue.infd.edu.ar\/sitio\/wp-json\/wp\/v2\/pages\/286\/revisions"}],"predecessor-version":[{"id":3230,"href":"https:\/\/cmmoron-bue.infd.edu.ar\/sitio\/wp-json\/wp\/v2\/pages\/286\/revisions\/3230"}],"wp:attachment":[{"href":"https:\/\/cmmoron-bue.infd.edu.ar\/sitio\/wp-json\/wp\/v2\/media?parent=286"}],"curies":[{"name":"wp","href":"https:\/\/api.w.org\/{rel}","templated":true}]}}