{"id":2470,"date":"2024-08-26T07:54:30","date_gmt":"2024-08-26T10:54:30","guid":{"rendered":"https:\/\/cmmoron-bue.infd.edu.ar\/sitio\/?page_id=2470"},"modified":"2025-07-12T11:54:42","modified_gmt":"2025-07-12T14:54:42","slug":"dificil-cobertura-ginastera","status":"publish","type":"page","link":"https:\/\/cmmoron-bue.infd.edu.ar\/sitio\/dificil-cobertura-ginastera\/","title":{"rendered":"DIF\u00cdCIL COBERTURA Ginastera (2025)"},"content":{"rendered":"\n<p>En esta secci\u00f3n se encontrar\u00e1n los comunicados de Dif\u00edcil Cobertura de nuestro Conservatorio, seg\u00fan Res 50\/2023 .<br>Los mismos se difunden a trav\u00e9s de la p\u00e1gina de SAD Mor\u00f3n (<a href=\"https:\/\/sites.google.com\/view\/sadmoronoficial\/inicio\">sadmoronoficial.com.ar<\/a>).<\/p>\n\n\n\n<hr class=\"wp-block-separator has-alpha-channel-opacity\"\/>\n\n\n\n<p>RECTIFICATORIA Dif\u00edcil Cobertura PR\u00c1CTICA DOCENTE III<\/p>\n\n\n\n<p>CRONOGRAMA<br>DIFUSI\u00d3N: del 14\/07 al 18\/07 (cinco d\u00edas h\u00e1biles)<br>INSCRIPCI\u00d3N: del 04\/08 al 06\/08 (tres d\u00edas h\u00e1biles)<br>EVALUACI\u00d3N y ENTREVISTA: a partir del 11\/08\/2025.<\/p>\n\n\n\n<p><a href=\"https:\/\/cmmoron-bue.infd.edu.ar\/sitio\/wp-content\/uploads\/2025\/07\/DIFICIL-COBERTURA-2025-.-PRACTICA-DOCENTE-III.docx-1.pdf\" target=\"_blank\" rel=\"noreferrer noopener\">Pr\u00e1ctica docente III (Suplencia) <\/a><\/p>\n\n\n\n<hr class=\"wp-block-separator has-alpha-channel-opacity\"\/>\n\n\n\n<p>Perspectiva Pedag\u00f3gico Did\u00e1ctica II del Profesorado en M\u00fasica (Varias orientaciones, Res. 13234\/99)<\/p>\n\n\n\n<p>DIFUSI\u00d3N: del 07\/07 al 14\/07 (cinco d\u00edas h\u00e1biles)<br>INSCRIPCI\u00d3N: del 15\/07 al 17\/07 (tres d\u00edas h\u00e1biles)<br>EVALUACI\u00d3N y ENTREVISTA: a partir del 04\/08\/2025.<\/p>\n\n\n\n<p><a rel=\"noreferrer noopener\" href=\"https:\/\/cmmoron-bue.infd.edu.ar\/sitio\/wp-content\/uploads\/2025\/07\/DIFICIL-COBERTURA-2025-PERSPECTIVA-PEDAGOGICO-DIDACTICA-II.docx.pdf\" target=\"_blank\">Perspectiva pedag\u00f3gico did\u00e1ctica II (Suplencia)<\/a><\/p>\n\n\n\n<hr class=\"wp-block-separator has-alpha-channel-opacity\"\/>\n\n\n\n<p>Unidades curriculares del Profesorado en m\u00fasica orientaci\u00f3n Musicolog\u00eda.<\/p>\n\n\n\n<p>DIFUSI\u00d3N: del 07\/07 al 14\/07 (5 d\u00edas h\u00e1biles)<br>INSCRIPCI\u00d3N: del 15\/07 al 17\/07 (3 d\u00edas h\u00e1biles)<br>EVALUACI\u00d3N, ENTREVISTA y\/o DEMOSTRACI\u00d3N PR\u00c1CTICA: a partir del 04\/08\/2025.<\/p>\n\n\n\n<p>1) <a href=\"https:\/\/cmmoron-bue.infd.edu.ar\/sitio\/wp-content\/uploads\/2025\/07\/DIFICIL-COBERTURA-2025-FOLKMUSICOLOGIA.docx.pdf\" target=\"_blank\" rel=\"noreferrer noopener\">Folkmusicolog\u00eda<\/a><\/p>\n\n\n\n<p><a rel=\"noreferrer noopener\" href=\"https:\/\/cmmoron-bue.infd.edu.ar\/sitio\/wp-content\/uploads\/2025\/07\/DIFICIL-COBERTURA-2025-ETNOMUSICOLOGIA.docx.pdf\" target=\"_blank\">2)Etnomusicolog\u00eda II<\/a><\/p>\n\n\n\n<hr class=\"wp-block-separator has-alpha-channel-opacity\"\/>\n\n\n\n<p class=\"has-accent-color has-text-color has-medium-font-size\">Dif\u00edcil Cobertura: Orquesta de tango y Taller de m\u00fasica popular &#8211; EDI Orquesta de tango<\/p>\n\n\n\n<p>DIFUSI\u00d3N: del 09\/06 al 13\/06<br>INSCRIPCI\u00d3N: del 17\/06 al 19\/06<br>EVALUACI\u00d3N, ENTREVISTA Y DEMOSTRACI\u00d3N PR\u00c1CTICA: a partir del 23\/06\/2025.<\/p>\n\n\n\n<p>Ver <a href=\"https:\/\/abc.gob.ar\/sad\/sites\/default\/files\/2025-06\/169.pdf\" target=\"_blank\" rel=\"noreferrer noopener\">Comunicado N\u00ba169<\/a> &#8211; <a rel=\"noreferrer noopener\" href=\"https:\/\/sites.google.com\/view\/sadmoronoficial\/inicio\" target=\"_blank\">SAD Mor\u00f3n<\/a>. <\/p>\n\n\n\n<p><a href=\"https:\/\/cmmoron-bue.infd.edu.ar\/sitio\/wp-content\/uploads\/2025\/06\/DIFICIL-COBERTURA-2025-ESPACIO-INSTITUCIONAL-ORQUESTA-TANGO.docx-2.pdf\">https:\/\/cmm<\/a><a rel=\"noreferrer noopener\" href=\"https:\/\/cmmoron-bue.infd.edu.ar\/sitio\/wp-content\/uploads\/2025\/06\/DIFICIL-COBERTURA-2025-ESPACIO-INSTITUCIONAL-ORQUESTA-TANGO.docx-2.pdf\" target=\"_blank\">oron-bue.infd.edu.ar\/sitio\/wp-content\/uploads\/2025\/06\/DIFICIL-COBERTURA-2025-ESPACIO-INSTITUCIONAL-ORQUESTA-TANGO.docx-2.pdf<\/a><\/p>\n\n\n\n<p><a href=\"https:\/\/drive.google.com\/file\/d\/1qvj7aKHmNJo7ZlYr-q-vOkXbDMDuWQBq\/view\" target=\"_blank\" rel=\"noreferrer noopener\">https:\/\/drive.google.com\/file\/d\/1qvj7aKHmNJo7ZlYr-q-vOkXbDMDuWQBq\/view<\/a><\/p>\n\n\n\n<hr class=\"wp-block-separator has-alpha-channel-opacity\"\/>\n\n\n\n<p class=\"has-accent-color has-text-color\">Dif\u00edcil Cobertura: M\u00fasica de Oriente, Civilizaciones Mediterr\u00e1neas y Edad Media Occidental (Suplencia)<\/p>\n\n\n\n<p>DIFUSI\u00d3N: 23\/06\/2025 al 27\/06\/2025<br>INSCRIPCI\u00d3N: 30\/06\/2025 al 02\/07\/2025<br>EVALUACI\u00d3N, ENTREVISTA Y DEMOSTRACI\u00d3N PR\u00c1CTICA: A partir del 07\/07\/2025<\/p>\n\n\n\n<p><a href=\"https:\/\/abc.gob.ar\/sad\/sites\/default\/files\/2025-06\/COMUNICADO%20178.pdf\" target=\"_blank\" rel=\"noreferrer noopener\">Ver Comunicado N\u00ba178<\/a> &#8211; <a href=\"https:\/\/sites.google.com\/view\/sadmoronoficial\/inicio\">SAD Mor\u00f3n<\/a><\/p>\n\n\n\n<p><a href=\"https:\/\/abc.gob.ar\/sad\/sites\/default\/files\/2025-06\/COMUNICADO%20178.pdf\" target=\"_blank\" rel=\"noreferrer noopener\">https:\/\/abc.gob.ar\/sad\/sites\/default\/files\/2025-06\/COMUNICADO%20178.pdf<\/a><\/p>\n","protected":false},"excerpt":{"rendered":"<p>En esta secci\u00f3n se encontrar\u00e1n los comunicados de Dif\u00edcil Cobertura de nuestro Conservatorio, seg\u00fan Res 50\/2023 .Los mismos se difunden a trav\u00e9s de la p\u00e1gina de SAD Mor\u00f3n (sadmoronoficial.com.ar). RECTIFICATORIA Dif\u00edcil Cobertura PR\u00c1CTICA DOCENTE III CRONOGRAMADIFUSI\u00d3N: del 14\/07 al 18\/07 (cinco d\u00edas h\u00e1biles)INSCRIPCI\u00d3N: del 04\/08 al 06\/08 (tres d\u00edas h\u00e1biles)EVALUACI\u00d3N y ENTREVISTA: a partir del &#8230; <a title=\"DIF\u00cdCIL COBERTURA Ginastera (2025)\" class=\"read-more\" href=\"https:\/\/cmmoron-bue.infd.edu.ar\/sitio\/dificil-cobertura-ginastera\/\" aria-label=\"More on DIF\u00cdCIL COBERTURA Ginastera (2025)\">[+]<\/a><\/p>\n","protected":false},"author":672,"featured_media":0,"parent":0,"menu_order":0,"comment_status":"closed","ping_status":"closed","template":"","meta":[],"acf":[],"_links":{"self":[{"href":"https:\/\/cmmoron-bue.infd.edu.ar\/sitio\/wp-json\/wp\/v2\/pages\/2470"}],"collection":[{"href":"https:\/\/cmmoron-bue.infd.edu.ar\/sitio\/wp-json\/wp\/v2\/pages"}],"about":[{"href":"https:\/\/cmmoron-bue.infd.edu.ar\/sitio\/wp-json\/wp\/v2\/types\/page"}],"author":[{"embeddable":true,"href":"https:\/\/cmmoron-bue.infd.edu.ar\/sitio\/wp-json\/wp\/v2\/users\/672"}],"replies":[{"embeddable":true,"href":"https:\/\/cmmoron-bue.infd.edu.ar\/sitio\/wp-json\/wp\/v2\/comments?post=2470"}],"version-history":[{"count":18,"href":"https:\/\/cmmoron-bue.infd.edu.ar\/sitio\/wp-json\/wp\/v2\/pages\/2470\/revisions"}],"predecessor-version":[{"id":2962,"href":"https:\/\/cmmoron-bue.infd.edu.ar\/sitio\/wp-json\/wp\/v2\/pages\/2470\/revisions\/2962"}],"wp:attachment":[{"href":"https:\/\/cmmoron-bue.infd.edu.ar\/sitio\/wp-json\/wp\/v2\/media?parent=2470"}],"curies":[{"name":"wp","href":"https:\/\/api.w.org\/{rel}","templated":true}]}}