{"id":1840,"date":"2023-03-14T10:26:19","date_gmt":"2023-03-14T13:26:19","guid":{"rendered":"https:\/\/cmmoron-bue.infd.edu.ar\/sitio\/?page_id=1840"},"modified":"2023-03-14T11:52:22","modified_gmt":"2023-03-14T14:52:22","slug":"licencias","status":"publish","type":"page","link":"https:\/\/cmmoron-bue.infd.edu.ar\/sitio\/licencias\/","title":{"rendered":"LICENCIAS"},"content":{"rendered":"\n<p>El porsonal docente tiene derecho a LICENCIAS segun lo establecido en el ESTATUDO DOCENTE. Las mismas deben ser cargadas debidamente a trav\u00e9s de la app Mis Licencias o bien a trav\u00e9s de la plataforma <a href=\"https:\/\/abc.gob.ar\/\">ABC <\/a>ingresando con su usuario correspondiente.<\/p>\n\n\n\n<p>Si por alguna raz\u00f3n la aplicaci\u00f3n y\/o la plataforma no le permitan cargar debidamente la licencia (por tener otra en estado de \u00abREVISI\u00d3N\u00bb), se deber\u00e1 hacer el reclamo a traves del <strong>Sistema de Reclamos GLPI<\/strong> de la plataforma ABC.<\/p>\n\n\n\n<figure class=\"wp-block-image size-thumbnail is-resized\"><img decoding=\"async\" loading=\"lazy\" src=\"https:\/\/cmmoron-bue.infd.edu.ar\/sitio\/wp-content\/uploads\/2023\/03\/Sistema-GLPI-500x500.jpeg\" alt=\"\" class=\"wp-image-1846\" width=\"277\" height=\"277\"\/><\/figure>\n\n\n\n<p>En todos los casos, solicitamos que den aviso de su inasistencia (cualquiera fuera la causa) para una mejor organizaci\u00f3n a nivel institucional.<\/p>\n\n\n\n<p>&#x2709;&#xfe0f; ginasteralicencias@gmail.com<\/p>\n","protected":false},"excerpt":{"rendered":"<p>El porsonal docente tiene derecho a LICENCIAS segun lo establecido en el ESTATUDO DOCENTE. Las mismas deben ser cargadas debidamente a trav\u00e9s de la app Mis Licencias o bien a trav\u00e9s de la plataforma ABC ingresando con su usuario correspondiente. Si por alguna raz\u00f3n la aplicaci\u00f3n y\/o la plataforma no le permitan cargar debidamente la &#8230; <a title=\"LICENCIAS\" class=\"read-more\" href=\"https:\/\/cmmoron-bue.infd.edu.ar\/sitio\/licencias\/\" aria-label=\"More on LICENCIAS\">[+]<\/a><\/p>\n","protected":false},"author":672,"featured_media":0,"parent":0,"menu_order":0,"comment_status":"closed","ping_status":"closed","template":"","meta":[],"acf":[],"_links":{"self":[{"href":"https:\/\/cmmoron-bue.infd.edu.ar\/sitio\/wp-json\/wp\/v2\/pages\/1840"}],"collection":[{"href":"https:\/\/cmmoron-bue.infd.edu.ar\/sitio\/wp-json\/wp\/v2\/pages"}],"about":[{"href":"https:\/\/cmmoron-bue.infd.edu.ar\/sitio\/wp-json\/wp\/v2\/types\/page"}],"author":[{"embeddable":true,"href":"https:\/\/cmmoron-bue.infd.edu.ar\/sitio\/wp-json\/wp\/v2\/users\/672"}],"replies":[{"embeddable":true,"href":"https:\/\/cmmoron-bue.infd.edu.ar\/sitio\/wp-json\/wp\/v2\/comments?post=1840"}],"version-history":[{"count":4,"href":"https:\/\/cmmoron-bue.infd.edu.ar\/sitio\/wp-json\/wp\/v2\/pages\/1840\/revisions"}],"predecessor-version":[{"id":1848,"href":"https:\/\/cmmoron-bue.infd.edu.ar\/sitio\/wp-json\/wp\/v2\/pages\/1840\/revisions\/1848"}],"wp:attachment":[{"href":"https:\/\/cmmoron-bue.infd.edu.ar\/sitio\/wp-json\/wp\/v2\/media?parent=1840"}],"curies":[{"name":"wp","href":"https:\/\/api.w.org\/{rel}","templated":true}]}}